{"id":722,"date":"2013-06-11T22:17:10","date_gmt":"2013-06-11T22:17:10","guid":{"rendered":"http:\/\/ny.saluton.no\/?page_id=722"},"modified":"2021-10-08T09:21:48","modified_gmt":"2021-10-08T07:21:48","slug":"albumo","status":"publish","type":"page","link":"https:\/\/saluton.no\/index.php\/eo\/albumo\/","title":{"rendered":"La albumo"},"content":{"rendered":"<p><!--:--><!--:eo-->La albumo enhavas 64 plen\u015dtopitajn pa\u011dojn da Pondus-strioj. La enhavo estas \u0109efe elekta\u0135oj el la jaroj 1998-2005. Vi trovos kaj unuopajn striojn kaj pli longajn rakontojn.<\/p>\n<p>Legu striojn \u0109e la retpa\u011daro de <a href=\"https:\/\/www.esperanto.no\/nje\/pondus\" target=\"_blank\" rel=\"noopener noreferrer\">Norvega Junularo Esperantista<\/a>.<\/p>\n<p>Grandajn dankojn al Grupo Esperantista de Trondheim pro helpo pri provlegado kaj lingva\u0135oj. Apartajn dankojn al Baard, Jardar kaj Kjell pro la lastmomentaj poluroj.<\/p>\n<p>La albumo publiki\u011dis kun permeso de Strand&amp;\u00d8verli.<br \/>\n<!--:--><\/p>\n","protected":false},"excerpt":{"rendered":"<p>La albumo enhavas 64 plen\u015dtopitajn pa\u011dojn da Pondus-strioj. La enhavo estas \u0109efe elekta\u0135oj el la jaroj 1998-2005. Vi trovos kaj unuopajn striojn kaj pli longajn&hellip;<\/p>\n","protected":false},"author":1,"featured_media":723,"parent":0,"menu_order":1,"comment_status":"open","ping_status":"open","template":"","meta":{"footnotes":""},"class_list":["post-722","page","type-page","status-publish","has-post-thumbnail","hentry"],"yoast_head":"<!-- This site is optimized with the Yoast SEO plugin v27.1.1 - https:\/\/yoast.com\/product\/yoast-seo-wordpress\/ -->\n<title>La albumo - Saluton.no<\/title>\n<meta name=\"description\" content=\"Legu Pondus en Esperanto! La albumo enhavas 64 plen\u015dtopitajn pa\u011dojn da Pondus-strioj.\" \/>\n<meta name=\"robots\" content=\"index, follow, max-snippet:-1, max-image-preview:large, max-video-preview:-1\" \/>\n<link rel=\"canonical\" href=\"https:\/\/saluton.no\/index.php\/eo\/albumo\/\" \/>\n<meta property=\"og:locale\" content=\"nb_NO\" \/>\n<meta property=\"og:type\" content=\"article\" \/>\n<meta property=\"og:title\" content=\"La albumo - Saluton.no\" \/>\n<meta property=\"og:description\" content=\"Legu Pondus en Esperanto! La albumo enhavas 64 plen\u015dtopitajn pa\u011dojn da Pondus-strioj.\" \/>\n<meta property=\"og:url\" content=\"https:\/\/saluton.no\/index.php\/eo\/albumo\/\" \/>\n<meta property=\"og:site_name\" content=\"Saluton.no\" \/>\n<meta property=\"article:publisher\" content=\"https:\/\/www.facebook.com\/Saluton.no\/\" \/>\n<meta property=\"article:modified_time\" content=\"2021-10-08T07:21:48+00:00\" \/>\n<meta property=\"og:image\" content=\"https:\/\/saluton.no\/wp-content\/uploads\/2013\/07\/albumet.png\" \/>\n\t<meta property=\"og:image:width\" content=\"370\" \/>\n\t<meta property=\"og:image:height\" content=\"191\" \/>\n\t<meta property=\"og:image:type\" content=\"image\/png\" \/>\n<meta name=\"twitter:card\" content=\"summary_large_image\" \/>\n<meta name=\"twitter:site\" content=\"@saluton_no\" \/>\n<meta name=\"twitter:label1\" content=\"Ansl. lesetid\" \/>\n\t<meta name=\"twitter:data1\" content=\"1 minutt\" \/>\n<script type=\"application\/ld+json\" class=\"yoast-schema-graph\">{\"@context\":\"https:\/\/schema.org\",\"@graph\":[{\"@type\":\"WebPage\",\"@id\":\"https:\/\/saluton.no\/index.php\/eo\/albumo\/\",\"url\":\"https:\/\/saluton.no\/index.php\/eo\/albumo\/\",\"name\":\"La albumo - Saluton.no\",\"isPartOf\":{\"@id\":\"https:\/\/saluton.no\/#website\"},\"primaryImageOfPage\":{\"@id\":\"https:\/\/saluton.no\/index.php\/eo\/albumo\/#primaryimage\"},\"image\":{\"@id\":\"https:\/\/saluton.no\/index.php\/eo\/albumo\/#primaryimage\"},\"thumbnailUrl\":\"https:\/\/saluton.no\/wp-content\/uploads\/2013\/07\/albumet.png\",\"datePublished\":\"2013-06-11T22:17:10+00:00\",\"dateModified\":\"2021-10-08T07:21:48+00:00\",\"description\":\"Legu Pondus en Esperanto! La albumo enhavas 64 plen\u015dtopitajn pa\u011dojn da Pondus-strioj.\",\"breadcrumb\":{\"@id\":\"https:\/\/saluton.no\/index.php\/eo\/albumo\/#breadcrumb\"},\"inLanguage\":\"nb-NO\",\"potentialAction\":[{\"@type\":\"ReadAction\",\"target\":[\"https:\/\/saluton.no\/index.php\/eo\/albumo\/\"]}]},{\"@type\":\"ImageObject\",\"inLanguage\":\"nb-NO\",\"@id\":\"https:\/\/saluton.no\/index.php\/eo\/albumo\/#primaryimage\",\"url\":\"https:\/\/saluton.no\/wp-content\/uploads\/2013\/07\/albumet.png\",\"contentUrl\":\"https:\/\/saluton.no\/wp-content\/uploads\/2013\/07\/albumet.png\",\"width\":\"370\",\"height\":\"191\",\"caption\":\"\"},{\"@type\":\"BreadcrumbList\",\"@id\":\"https:\/\/saluton.no\/index.php\/eo\/albumo\/#breadcrumb\",\"itemListElement\":[{\"@type\":\"ListItem\",\"position\":1,\"name\":\"Hjem\",\"item\":\"https:\/\/saluton.no\/index.php\/nb\/\"},{\"@type\":\"ListItem\",\"position\":2,\"name\":\"Pri la albumo\"}]},{\"@type\":\"WebSite\",\"@id\":\"https:\/\/saluton.no\/#website\",\"url\":\"https:\/\/saluton.no\/\",\"name\":\"Saluton.no\",\"description\":\"\",\"publisher\":{\"@id\":\"https:\/\/saluton.no\/#organization\"},\"potentialAction\":[{\"@type\":\"SearchAction\",\"target\":{\"@type\":\"EntryPoint\",\"urlTemplate\":\"https:\/\/saluton.no\/?s={search_term_string}\"},\"query-input\":{\"@type\":\"PropertyValueSpecification\",\"valueRequired\":true,\"valueName\":\"search_term_string\"}}],\"inLanguage\":\"nb-NO\"},{\"@type\":\"Organization\",\"@id\":\"https:\/\/saluton.no\/#organization\",\"name\":\"Saluton.no\",\"url\":\"https:\/\/saluton.no\/\",\"logo\":{\"@type\":\"ImageObject\",\"inLanguage\":\"nb-NO\",\"@id\":\"https:\/\/saluton.no\/#\/schema\/logo\/image\/\",\"url\":\"https:\/\/saluton.no\/wp-content\/uploads\/2013\/09\/saluton-500.png\",\"contentUrl\":\"https:\/\/saluton.no\/wp-content\/uploads\/2013\/09\/saluton-500.png\",\"width\":389,\"height\":179,\"caption\":\"Saluton.no\"},\"image\":{\"@id\":\"https:\/\/saluton.no\/#\/schema\/logo\/image\/\"},\"sameAs\":[\"https:\/\/www.facebook.com\/Saluton.no\/\",\"https:\/\/x.com\/saluton_no\",\"https:\/\/esperanto.masto.host\/@saluton\"]}]}<\/script>\n<!-- \/ Yoast SEO plugin. -->","yoast_head_json":{"title":"La albumo - Saluton.no","description":"Legu Pondus en Esperanto! La albumo enhavas 64 plen\u015dtopitajn pa\u011dojn da Pondus-strioj.","robots":{"index":"index","follow":"follow","max-snippet":"max-snippet:-1","max-image-preview":"max-image-preview:large","max-video-preview":"max-video-preview:-1"},"canonical":"https:\/\/saluton.no\/index.php\/eo\/albumo\/","og_locale":"nb_NO","og_type":"article","og_title":"La albumo - Saluton.no","og_description":"Legu Pondus en Esperanto! La albumo enhavas 64 plen\u015dtopitajn pa\u011dojn da Pondus-strioj.","og_url":"https:\/\/saluton.no\/index.php\/eo\/albumo\/","og_site_name":"Saluton.no","article_publisher":"https:\/\/www.facebook.com\/Saluton.no\/","article_modified_time":"2021-10-08T07:21:48+00:00","og_image":[{"width":370,"height":191,"url":"https:\/\/saluton.no\/wp-content\/uploads\/2013\/07\/albumet.png","type":"image\/png"}],"twitter_card":"summary_large_image","twitter_site":"@saluton_no","twitter_misc":{"Ansl. lesetid":"1 minutt"},"schema":{"@context":"https:\/\/schema.org","@graph":[{"@type":"WebPage","@id":"https:\/\/saluton.no\/index.php\/eo\/albumo\/","url":"https:\/\/saluton.no\/index.php\/eo\/albumo\/","name":"La albumo - Saluton.no","isPartOf":{"@id":"https:\/\/saluton.no\/#website"},"primaryImageOfPage":{"@id":"https:\/\/saluton.no\/index.php\/eo\/albumo\/#primaryimage"},"image":{"@id":"https:\/\/saluton.no\/index.php\/eo\/albumo\/#primaryimage"},"thumbnailUrl":"https:\/\/saluton.no\/wp-content\/uploads\/2013\/07\/albumet.png","datePublished":"2013-06-11T22:17:10+00:00","dateModified":"2021-10-08T07:21:48+00:00","description":"Legu Pondus en Esperanto! La albumo enhavas 64 plen\u015dtopitajn pa\u011dojn da Pondus-strioj.","breadcrumb":{"@id":"https:\/\/saluton.no\/index.php\/eo\/albumo\/#breadcrumb"},"inLanguage":"nb-NO","potentialAction":[{"@type":"ReadAction","target":["https:\/\/saluton.no\/index.php\/eo\/albumo\/"]}]},{"@type":"ImageObject","inLanguage":"nb-NO","@id":"https:\/\/saluton.no\/index.php\/eo\/albumo\/#primaryimage","url":"https:\/\/saluton.no\/wp-content\/uploads\/2013\/07\/albumet.png","contentUrl":"https:\/\/saluton.no\/wp-content\/uploads\/2013\/07\/albumet.png","width":"370","height":"191","caption":""},{"@type":"BreadcrumbList","@id":"https:\/\/saluton.no\/index.php\/eo\/albumo\/#breadcrumb","itemListElement":[{"@type":"ListItem","position":1,"name":"Hjem","item":"https:\/\/saluton.no\/index.php\/nb\/"},{"@type":"ListItem","position":2,"name":"Pri la albumo"}]},{"@type":"WebSite","@id":"https:\/\/saluton.no\/#website","url":"https:\/\/saluton.no\/","name":"Saluton.no","description":"","publisher":{"@id":"https:\/\/saluton.no\/#organization"},"potentialAction":[{"@type":"SearchAction","target":{"@type":"EntryPoint","urlTemplate":"https:\/\/saluton.no\/?s={search_term_string}"},"query-input":{"@type":"PropertyValueSpecification","valueRequired":true,"valueName":"search_term_string"}}],"inLanguage":"nb-NO"},{"@type":"Organization","@id":"https:\/\/saluton.no\/#organization","name":"Saluton.no","url":"https:\/\/saluton.no\/","logo":{"@type":"ImageObject","inLanguage":"nb-NO","@id":"https:\/\/saluton.no\/#\/schema\/logo\/image\/","url":"https:\/\/saluton.no\/wp-content\/uploads\/2013\/09\/saluton-500.png","contentUrl":"https:\/\/saluton.no\/wp-content\/uploads\/2013\/09\/saluton-500.png","width":389,"height":179,"caption":"Saluton.no"},"image":{"@id":"https:\/\/saluton.no\/#\/schema\/logo\/image\/"},"sameAs":["https:\/\/www.facebook.com\/Saluton.no\/","https:\/\/x.com\/saluton_no","https:\/\/esperanto.masto.host\/@saluton"]}]}},"lang":"eo","translations":{"eo":722,"nb":13,"en":725},"pll_sync_post":[],"_links":{"self":[{"href":"https:\/\/saluton.no\/index.php\/wp-json\/wp\/v2\/pages\/722","targetHints":{"allow":["GET"]}}],"collection":[{"href":"https:\/\/saluton.no\/index.php\/wp-json\/wp\/v2\/pages"}],"about":[{"href":"https:\/\/saluton.no\/index.php\/wp-json\/wp\/v2\/types\/page"}],"author":[{"embeddable":true,"href":"https:\/\/saluton.no\/index.php\/wp-json\/wp\/v2\/users\/1"}],"replies":[{"embeddable":true,"href":"https:\/\/saluton.no\/index.php\/wp-json\/wp\/v2\/comments?post=722"}],"version-history":[{"count":3,"href":"https:\/\/saluton.no\/index.php\/wp-json\/wp\/v2\/pages\/722\/revisions"}],"predecessor-version":[{"id":998,"href":"https:\/\/saluton.no\/index.php\/wp-json\/wp\/v2\/pages\/722\/revisions\/998"}],"wp:featuredmedia":[{"embeddable":true,"href":"https:\/\/saluton.no\/index.php\/wp-json\/wp\/v2\/media\/723"}],"wp:attachment":[{"href":"https:\/\/saluton.no\/index.php\/wp-json\/wp\/v2\/media?parent=722"}],"curies":[{"name":"wp","href":"https:\/\/api.w.org\/{rel}","templated":true}]}}