{"id":698,"date":"2013-07-05T21:15:26","date_gmt":"2013-07-05T21:15:26","guid":{"rendered":"http:\/\/ny.saluton.no\/?page_id=698"},"modified":"2023-03-14T10:26:38","modified_gmt":"2023-03-14T08:26:38","slug":"pri-pondus","status":"publish","type":"page","link":"https:\/\/saluton.no\/index.php\/eo\/pri-pondus\/","title":{"rendered":"Pri Pondus"},"content":{"rendered":"<p><!--:--><!--:eo-->Pondus estas norvega komikso de Frode \u00d8verli. \u011ci kutime estas desegnata kiel unuopaj strioj, kaj estas eldonata en pli ol 130 gazetoj kaj perioda\u0135oj, sed anka\u016d havas propran magazinon, kaj eldoni\u011das kiel kajeroj kaj albumoj, kie trovi\u011das anka\u016d pli longaj rakontoj.<\/p>\n<figure id=\"attachment_699\" aria-describedby=\"caption-attachment-699\" style=\"width: 230px\" class=\"wp-caption alignright\"><a href=\"https:\/\/saluton.no\/wp-content\/uploads\/2013\/07\/pondusstripe.png\"><img fetchpriority=\"high\" decoding=\"async\" class=\"size-full wp-image-699  \" style=\"margin-left: 5px;\" src=\"https:\/\/saluton.no\/wp-content\/uploads\/2013\/07\/pondusstripe2.jpg\" alt=\"Pondus\" width=\"230\" height=\"305\"><\/a><figcaption id=\"caption-attachment-699\" class=\"wp-caption-text\">&nbsp;<\/figcaption><\/figure>\n<p>La rolulo Pondus venis sur la scenejon en 1995 en la bildstrio <em>A-laget<\/em>, kiu temis pri tri futbalsubtenantoj. Sed ekde oktobro 1995 la strio nomi\u011das Pondus, kaj la samnoma \u0109efrolulo, kune kun la amiko Jo\u0109jo, plivastigis sian horizonton per laboro, familio, amikoj, najbaroj, biero kaj inoj. Sed la intereso pri futbalo ankora\u016d rolas grave.<\/p>\n<p>Pondus traduki\u011dis en plurajn lingvojn, i.e. la svedan, danan, sameajn, francan, anglan, latinan kaj Esperanton.<\/p>\n<p>La junularaj pa\u011doj&nbsp;<a href=\"http:\/\/nje.esperanto.no\" target=\"_blank\" rel=\"noopener noreferrer\">Inter ni dirite<\/a>&nbsp;en la membrogazeto de Norvega Esperantista Ligo publikigas Pondus-striojn ekde 2007. Nun finfine aperas la albumo.<\/p>\n<p>La nova albumo enhavas striojn el materialo origine publikigita inter 1998 kaj 2005.<\/p>\n<p>Mallonga prezento pri la \u0109efaj roluloj en la bilstrio (la\u016d la tempoperiodo en la albumo):<\/p>\n<h4>Pondus (t.e. Patrik)<\/h4>\n<p>Pondus havas preska\u016d a\u016dtismajn sciojn pri futbalo. Lia plej amata teamo estas Liverpool. Li ludas en oldula teamo kune kun la amiko Jo\u0109jo. Pondus estas bus\u015doforo kaj la edzo de Beate. Ili havas du infanojn: Juno (Kevin) kaj Frida.<\/p>\n<h4>Beate<\/h4>\n<p>La edzino de Pondus. \u015ci estas flegistnino, kaj devas \u0109iun tagon toleri la malfacila\u0135ojn vivante kun futbal-fanatikulo, adoleskulo kaj unujara bebo.<\/p>\n<h4>Juno (t.e. Kevin)<\/h4>\n<p>La filo de la domo. Li estas nun en tiu a\u011do kiam knabinoj dum momentoj povas esti pli fascinaj ol futbalo.<\/p>\n<h4>Frida<\/h4>\n<p>Vidas la mondon el sia vidpunkto, oblikve de sube.<\/p>\n<h4>Jo\u0109jo (Joakim)<\/h4>\n<p>La plej bona amiko de Pondus. Apogas Leeds, kaj estas golulo en la oldula teamo kie ludas anka\u016d Pondus. Eble unu el la plej malta\u016dgaj \u0109armuloj en la mondhistorio. Li revas pri la plenforma Turid-Lajla de la drinkejo, sed kutime li kuni\u011das kun io tute alia\u2026<\/p>\n<h4>Else<\/h4>\n<p>La panjo de Jo\u0109jo. Fer-virino kun dubinda vestaro. Banmantelo kaj pantofloj estas uzataj \u0109ie.<\/p>\n<h4>G\u00fcnther<\/h4>\n<p>La edzo de Else, duonpatro de Jo\u0109jo. Germana nano kun altiro al altaj kalkanumoj kaj rozkoloraj robetoj. Volonte sur si mem.<\/p>\n<h4>Kris\u0109jo (t.e Kristoforo)<\/h4>\n<p>La plej bona amiko de Juno. Li estas senespera romantikulo kun granda aknoproblemo kaj ekstrema miopeco. <!--:--><!--:en--><!--:--><\/p>\n","protected":false},"excerpt":{"rendered":"<p>Pondus estas norvega komikso de Frode \u00d8verli. \u011ci kutime estas desegnata kiel unuopaj strioj, kaj estas eldonata en pli ol 130 gazetoj kaj perioda\u0135oj, sed&hellip;<\/p>\n","protected":false},"author":1,"featured_media":700,"parent":0,"menu_order":3,"comment_status":"open","ping_status":"open","template":"","meta":{"footnotes":""},"class_list":["post-698","page","type-page","status-publish","has-post-thumbnail","hentry"],"yoast_head":"<!-- This site is optimized with the Yoast SEO plugin v27.1.1 - https:\/\/yoast.com\/product\/yoast-seo-wordpress\/ -->\n<title>Pri Pondus - Saluton.no<\/title>\n<meta name=\"robots\" content=\"index, follow, max-snippet:-1, max-image-preview:large, max-video-preview:-1\" \/>\n<link rel=\"canonical\" href=\"https:\/\/saluton.no\/index.php\/eo\/pri-pondus\/\" \/>\n<meta property=\"og:locale\" content=\"nb_NO\" \/>\n<meta property=\"og:type\" content=\"article\" \/>\n<meta property=\"og:title\" content=\"Pri Pondus - Saluton.no\" \/>\n<meta property=\"og:description\" content=\"Pondus estas norvega komikso de Frode \u00d8verli. \u011ci kutime estas desegnata kiel unuopaj strioj, kaj estas eldonata en pli ol 130 gazetoj kaj perioda\u0135oj, sed&hellip;\" \/>\n<meta property=\"og:url\" content=\"https:\/\/saluton.no\/index.php\/eo\/pri-pondus\/\" \/>\n<meta property=\"og:site_name\" content=\"Saluton.no\" \/>\n<meta property=\"article:publisher\" content=\"https:\/\/www.facebook.com\/Saluton.no\/\" \/>\n<meta property=\"article:modified_time\" content=\"2023-03-14T08:26:38+00:00\" \/>\n<meta property=\"og:image\" content=\"https:\/\/saluton.no\/wp-content\/uploads\/2013\/07\/pondus.png\" \/>\n\t<meta property=\"og:image:width\" content=\"370\" \/>\n\t<meta property=\"og:image:height\" content=\"191\" \/>\n\t<meta property=\"og:image:type\" content=\"image\/png\" \/>\n<meta name=\"twitter:card\" content=\"summary_large_image\" \/>\n<meta name=\"twitter:site\" content=\"@saluton_no\" \/>\n<meta name=\"twitter:label1\" content=\"Ansl. lesetid\" \/>\n\t<meta name=\"twitter:data1\" content=\"2 minutter\" \/>\n<script type=\"application\/ld+json\" class=\"yoast-schema-graph\">{\"@context\":\"https:\/\/schema.org\",\"@graph\":[{\"@type\":\"WebPage\",\"@id\":\"https:\/\/saluton.no\/index.php\/eo\/pri-pondus\/\",\"url\":\"https:\/\/saluton.no\/index.php\/eo\/pri-pondus\/\",\"name\":\"Pri Pondus - Saluton.no\",\"isPartOf\":{\"@id\":\"https:\/\/saluton.no\/#website\"},\"primaryImageOfPage\":{\"@id\":\"https:\/\/saluton.no\/index.php\/eo\/pri-pondus\/#primaryimage\"},\"image\":{\"@id\":\"https:\/\/saluton.no\/index.php\/eo\/pri-pondus\/#primaryimage\"},\"thumbnailUrl\":\"https:\/\/saluton.no\/wp-content\/uploads\/2013\/07\/pondus.png\",\"datePublished\":\"2013-07-05T21:15:26+00:00\",\"dateModified\":\"2023-03-14T08:26:38+00:00\",\"breadcrumb\":{\"@id\":\"https:\/\/saluton.no\/index.php\/eo\/pri-pondus\/#breadcrumb\"},\"inLanguage\":\"nb-NO\",\"potentialAction\":[{\"@type\":\"ReadAction\",\"target\":[\"https:\/\/saluton.no\/index.php\/eo\/pri-pondus\/\"]}]},{\"@type\":\"ImageObject\",\"inLanguage\":\"nb-NO\",\"@id\":\"https:\/\/saluton.no\/index.php\/eo\/pri-pondus\/#primaryimage\",\"url\":\"https:\/\/saluton.no\/wp-content\/uploads\/2013\/07\/pondus.png\",\"contentUrl\":\"https:\/\/saluton.no\/wp-content\/uploads\/2013\/07\/pondus.png\",\"width\":\"370\",\"height\":\"191\",\"caption\":\"\"},{\"@type\":\"BreadcrumbList\",\"@id\":\"https:\/\/saluton.no\/index.php\/eo\/pri-pondus\/#breadcrumb\",\"itemListElement\":[{\"@type\":\"ListItem\",\"position\":1,\"name\":\"Hjem\",\"item\":\"https:\/\/saluton.no\/index.php\/nb\/\"},{\"@type\":\"ListItem\",\"position\":2,\"name\":\"Pri Pondus\"}]},{\"@type\":\"WebSite\",\"@id\":\"https:\/\/saluton.no\/#website\",\"url\":\"https:\/\/saluton.no\/\",\"name\":\"Saluton.no\",\"description\":\"\",\"publisher\":{\"@id\":\"https:\/\/saluton.no\/#organization\"},\"potentialAction\":[{\"@type\":\"SearchAction\",\"target\":{\"@type\":\"EntryPoint\",\"urlTemplate\":\"https:\/\/saluton.no\/?s={search_term_string}\"},\"query-input\":{\"@type\":\"PropertyValueSpecification\",\"valueRequired\":true,\"valueName\":\"search_term_string\"}}],\"inLanguage\":\"nb-NO\"},{\"@type\":\"Organization\",\"@id\":\"https:\/\/saluton.no\/#organization\",\"name\":\"Saluton.no\",\"url\":\"https:\/\/saluton.no\/\",\"logo\":{\"@type\":\"ImageObject\",\"inLanguage\":\"nb-NO\",\"@id\":\"https:\/\/saluton.no\/#\/schema\/logo\/image\/\",\"url\":\"https:\/\/saluton.no\/wp-content\/uploads\/2013\/09\/saluton-500.png\",\"contentUrl\":\"https:\/\/saluton.no\/wp-content\/uploads\/2013\/09\/saluton-500.png\",\"width\":389,\"height\":179,\"caption\":\"Saluton.no\"},\"image\":{\"@id\":\"https:\/\/saluton.no\/#\/schema\/logo\/image\/\"},\"sameAs\":[\"https:\/\/www.facebook.com\/Saluton.no\/\",\"https:\/\/x.com\/saluton_no\",\"https:\/\/esperanto.masto.host\/@saluton\"]}]}<\/script>\n<!-- \/ Yoast SEO plugin. -->","yoast_head_json":{"title":"Pri Pondus - Saluton.no","robots":{"index":"index","follow":"follow","max-snippet":"max-snippet:-1","max-image-preview":"max-image-preview:large","max-video-preview":"max-video-preview:-1"},"canonical":"https:\/\/saluton.no\/index.php\/eo\/pri-pondus\/","og_locale":"nb_NO","og_type":"article","og_title":"Pri Pondus - Saluton.no","og_description":"Pondus estas norvega komikso de Frode \u00d8verli. \u011ci kutime estas desegnata kiel unuopaj strioj, kaj estas eldonata en pli ol 130 gazetoj kaj perioda\u0135oj, sed&hellip;","og_url":"https:\/\/saluton.no\/index.php\/eo\/pri-pondus\/","og_site_name":"Saluton.no","article_publisher":"https:\/\/www.facebook.com\/Saluton.no\/","article_modified_time":"2023-03-14T08:26:38+00:00","og_image":[{"width":370,"height":191,"url":"https:\/\/saluton.no\/wp-content\/uploads\/2013\/07\/pondus.png","type":"image\/png"}],"twitter_card":"summary_large_image","twitter_site":"@saluton_no","twitter_misc":{"Ansl. lesetid":"2 minutter"},"schema":{"@context":"https:\/\/schema.org","@graph":[{"@type":"WebPage","@id":"https:\/\/saluton.no\/index.php\/eo\/pri-pondus\/","url":"https:\/\/saluton.no\/index.php\/eo\/pri-pondus\/","name":"Pri Pondus - Saluton.no","isPartOf":{"@id":"https:\/\/saluton.no\/#website"},"primaryImageOfPage":{"@id":"https:\/\/saluton.no\/index.php\/eo\/pri-pondus\/#primaryimage"},"image":{"@id":"https:\/\/saluton.no\/index.php\/eo\/pri-pondus\/#primaryimage"},"thumbnailUrl":"https:\/\/saluton.no\/wp-content\/uploads\/2013\/07\/pondus.png","datePublished":"2013-07-05T21:15:26+00:00","dateModified":"2023-03-14T08:26:38+00:00","breadcrumb":{"@id":"https:\/\/saluton.no\/index.php\/eo\/pri-pondus\/#breadcrumb"},"inLanguage":"nb-NO","potentialAction":[{"@type":"ReadAction","target":["https:\/\/saluton.no\/index.php\/eo\/pri-pondus\/"]}]},{"@type":"ImageObject","inLanguage":"nb-NO","@id":"https:\/\/saluton.no\/index.php\/eo\/pri-pondus\/#primaryimage","url":"https:\/\/saluton.no\/wp-content\/uploads\/2013\/07\/pondus.png","contentUrl":"https:\/\/saluton.no\/wp-content\/uploads\/2013\/07\/pondus.png","width":"370","height":"191","caption":""},{"@type":"BreadcrumbList","@id":"https:\/\/saluton.no\/index.php\/eo\/pri-pondus\/#breadcrumb","itemListElement":[{"@type":"ListItem","position":1,"name":"Hjem","item":"https:\/\/saluton.no\/index.php\/nb\/"},{"@type":"ListItem","position":2,"name":"Pri Pondus"}]},{"@type":"WebSite","@id":"https:\/\/saluton.no\/#website","url":"https:\/\/saluton.no\/","name":"Saluton.no","description":"","publisher":{"@id":"https:\/\/saluton.no\/#organization"},"potentialAction":[{"@type":"SearchAction","target":{"@type":"EntryPoint","urlTemplate":"https:\/\/saluton.no\/?s={search_term_string}"},"query-input":{"@type":"PropertyValueSpecification","valueRequired":true,"valueName":"search_term_string"}}],"inLanguage":"nb-NO"},{"@type":"Organization","@id":"https:\/\/saluton.no\/#organization","name":"Saluton.no","url":"https:\/\/saluton.no\/","logo":{"@type":"ImageObject","inLanguage":"nb-NO","@id":"https:\/\/saluton.no\/#\/schema\/logo\/image\/","url":"https:\/\/saluton.no\/wp-content\/uploads\/2013\/09\/saluton-500.png","contentUrl":"https:\/\/saluton.no\/wp-content\/uploads\/2013\/09\/saluton-500.png","width":389,"height":179,"caption":"Saluton.no"},"image":{"@id":"https:\/\/saluton.no\/#\/schema\/logo\/image\/"},"sameAs":["https:\/\/www.facebook.com\/Saluton.no\/","https:\/\/x.com\/saluton_no","https:\/\/esperanto.masto.host\/@saluton"]}]}},"lang":"eo","translations":{"eo":698,"nb":37,"en":702},"pll_sync_post":[],"_links":{"self":[{"href":"https:\/\/saluton.no\/index.php\/wp-json\/wp\/v2\/pages\/698","targetHints":{"allow":["GET"]}}],"collection":[{"href":"https:\/\/saluton.no\/index.php\/wp-json\/wp\/v2\/pages"}],"about":[{"href":"https:\/\/saluton.no\/index.php\/wp-json\/wp\/v2\/types\/page"}],"author":[{"embeddable":true,"href":"https:\/\/saluton.no\/index.php\/wp-json\/wp\/v2\/users\/1"}],"replies":[{"embeddable":true,"href":"https:\/\/saluton.no\/index.php\/wp-json\/wp\/v2\/comments?post=698"}],"version-history":[{"count":3,"href":"https:\/\/saluton.no\/index.php\/wp-json\/wp\/v2\/pages\/698\/revisions"}],"predecessor-version":[{"id":1059,"href":"https:\/\/saluton.no\/index.php\/wp-json\/wp\/v2\/pages\/698\/revisions\/1059"}],"wp:featuredmedia":[{"embeddable":true,"href":"https:\/\/saluton.no\/index.php\/wp-json\/wp\/v2\/media\/700"}],"wp:attachment":[{"href":"https:\/\/saluton.no\/index.php\/wp-json\/wp\/v2\/media?parent=698"}],"curies":[{"name":"wp","href":"https:\/\/api.w.org\/{rel}","templated":true}]}}