{"id":642,"date":"2013-09-21T15:24:29","date_gmt":"2013-09-21T13:24:29","guid":{"rendered":"http:\/\/ny.saluton.no\/?page_id=642"},"modified":"2024-06-09T22:23:01","modified_gmt":"2024-06-09T20:23:01","slug":"kondicoj","status":"publish","type":"page","link":"https:\/\/saluton.no\/index.php\/eo\/kondicoj\/","title":{"rendered":"Kondi\u0109oj"},"content":{"rendered":"<p><!--:no--><\/p>\n<h6>Enkonduko<\/h6>\n<p>Por mendi \u0109e saluton.no vi devas havi pli ol 18 jarojn. La mendo estas regulata de la konsumantle\u011daro en Norvegio (avtaleloven, forbrukerkj\u00f8psloven, markedsf\u00f8ringsloven, angrerettsloven kaj ehandelsloven).<\/p>\n<p><a href=\"#1\">1. La kontrakto<\/a><br \/>\n<a href=\"#2\">2. La partioj<\/a><br \/>\n<a href=\"#3\">3. Prezoj<\/a><br \/>\n<a href=\"#4\">4. Kontrakali\u011do<\/a><br \/>\n<a href=\"#5\">5. Konfirmo de mendo<\/a><br \/>\n<a href=\"#6\">6. Liverado ktp.<\/a><br \/>\n<a href=\"#7\">7. Pentorajto (Norvegio)<\/a><br \/>\n<a href=\"#8\">8. Reklamacio<\/a><br \/>\n<a href=\"#9\">9. Okaze de malfrui\u011doj<\/a><br \/>\n<a href=\"#10\">10. Personformoj<\/a><\/p>\n<h4 id=\"1\">1. La kontrakto<\/h4>\n<p>La kontrakto inter la vendisto kan a\u0109etanto konsistas el la informoj donitaj de la vendisto en la retpa\u011do kaj en \u0109i tiuj kondi\u0109oj.<\/p>\n<p>Okaze de konfiktoj inter la informoj de la vendisto, rekta komunikado inter la partioj kaj la kondi\u0109oj, la rekta komunikado validas super la kondi\u0109oj, se tiu ne ka\u016dzas konflikton kun la le\u011do.<\/p>\n<h4>2. La partioj<\/h4>\n<p>Vendisto (\u201cni\u201d) estas:<br \/>\nSaluton.no<br \/>\nAsbj\u00f8rn \u00d8ver\u00e5s veg 14 G, NO-7036 Trondheim<br \/>\nTel: 917 07 764<br \/>\nRetpo\u015dto: post@saluton.no<br \/>\nOrg. no.: NO 912 054 063<br \/>\nLa a\u0109etanto (\u201cvi\u201d) estas la persono kiu faras la a\u0109eton\/mendon.<\/p>\n<h4 id=\"3\">3. Prezoj<\/h4>\n<p>La prezoj kiuj estas indikataj en la retbutiko, ne inkluzivas impo\u015dton, \u0109ar libroj ne vendi\u011das kun impo\u015dto en Norvegio. Se vi lo\u011das ekster Norvegio, vi mem respondecas pri eventuala impo\u015dto kiam vi importas librojn en vian landon.<br \/>\nInformoj pri la totala sumo kiun vi pagu, kaj la sumeroj, estos donataj en la pa\u011doj anta\u016d vi finos la mendon.<\/p>\n<h4 id=\"4\">4. Kontrakali\u011do<\/h4>\n<p>La kontrakto devigas amba\u016d partiojn kiam ni ricevos vian mendon, kaj PayPal konfirmas \u011din.<br \/>\nPartio tamen ne estas ligita de la kontrakto se okazas evidentaj eraroj en la retpa\u011doj a\u016d en la mendo de la a\u0109etanto, kaj se la alia partio ekkonis a\u016d devus kompreni, ke la eraro ekzistas. Saluton.no ne garantias pri skriberaroj a\u016d eventualaj aliaj eraroj en programoj de eksteraj liverantoj kiuj ekz. kalkulas sendokostojn.<\/p>\n<h4>5. Konfirmo de mendo<\/h4>\n<p>Kiam ni ricevas vian mendon, ni tuj sendos al vi konfirmon. Ni ne \u0109iam povas garantii ke la retpo\u015dtoj sendi\u011dos en Esperanto.<br \/>\nVi prefere kiel eble plej balda\u016d kontrolu, ke la konfirmo kongruas kun via mendo, koncerne kvanton, produkton, prezon ktp. Se la mendo kaj la konfirmo ne kongruas, vi devas kontakti nin kiel eble plej balda\u016d.<\/p>\n<h4 id=\"6\">6. Liverado ktp.<\/h4>\n<p>Livero okazos en maniero kiu estas indikata en la retbutiko dum la mendo. Saluton.no traktas la mendon kaj sendos ene de 2 labortagoj (pro ferioj en julio, la tagoj povus varii). Depende de la po\u015dta servo, vi \u011denerale ricevos la sendon ene de 3-5 labortagoj. Da\u016dros pli da tagoj se vi lo\u011das ekster Norvegio.<\/p>\n<h4 id=\"7\">7. Pentorajto (Norvegio)<\/h4>\n<p>En Norvegio la a\u0109etanto povas penti la mendon la\u016d la reguloj en \u201cangrerettsloven\u201d. Pentorajto signifas, ke la a\u0109etanto senkiale povas resendi la produkton al la vendisto e\u0109 se ne mankas io al la produkto. Vi devas mesa\u011di al ni ene de 14 tagoj post la ricevo de la produkto, uzante la \u011dustan formularon. Se la \u011dusta formularo ne estis kundendita kun la produkto, la pentorajto \u0109esos validi post 3 monatoj.<\/p>\n<h4 id=\"8\">8. Reklamacio<\/h4>\n<p>Se la produkto havas mankojn a\u016d difektojn, vi devas kiel eble plej balda\u016d, kaj anta\u016d ol pasis 2 jaroj, mesa\u011di al ni pri la manko. La mesa\u011do estu skriba (retpo\u015dte a\u016d papere).<\/p>\n<h4 id=\"9\">9. Okaze de malfrui\u011doj<\/h4>\n<p>Se ni ne liveras la produkton, kaj kulpas nek vi nek cirkonstancoj viaflanke, vi rajtas la\u016d norvega le\u011do (\u201cforbrukerkj\u00f8psloven\u201d \u0109ap. 5) prokrasti la pagon, postuli efektivigon, nuligi la kontrakton kaj postuli kompenson de ni.<\/p>\n<h4 id=\"10\">10. Personformoj<\/h4>\n<p>Saluton.no nur havigas informojn kiuj necesas por plenumi la transakcion kaj liveri la produkton. Saluton.no ne uzos la personinformojn alimaniere.<!--:--><\/p>\n<p>Publiki\u011dis la 21an de Septembro 2013<br \/>\n<em>\u011cisdati\u011dis la 17an de majo 2024 por aldoni limon por reklamado.<\/em><\/p>\n","protected":false},"excerpt":{"rendered":"<p>Enkonduko Por mendi \u0109e saluton.no vi devas havi pli ol 18 jarojn. La mendo estas regulata de la konsumantle\u011daro en Norvegio (avtaleloven, forbrukerkj\u00f8psloven, markedsf\u00f8ringsloven, angrerettsloven&hellip;<\/p>\n","protected":false},"author":1,"featured_media":0,"parent":0,"menu_order":0,"comment_status":"closed","ping_status":"closed","template":"","meta":{"footnotes":""},"class_list":["post-642","page","type-page","status-publish","hentry"],"yoast_head":"<!-- This site is optimized with the Yoast SEO plugin v27.1.1 - https:\/\/yoast.com\/product\/yoast-seo-wordpress\/ -->\n<title>Kondi\u0109oj - Saluton.no<\/title>\n<meta name=\"robots\" content=\"index, follow, max-snippet:-1, max-image-preview:large, max-video-preview:-1\" \/>\n<link rel=\"canonical\" href=\"https:\/\/saluton.no\/index.php\/eo\/kondicoj\/\" \/>\n<meta property=\"og:locale\" content=\"nb_NO\" \/>\n<meta property=\"og:type\" content=\"article\" \/>\n<meta property=\"og:title\" content=\"Kondi\u0109oj - Saluton.no\" \/>\n<meta property=\"og:description\" content=\"Enkonduko Por mendi \u0109e saluton.no vi devas havi pli ol 18 jarojn. La mendo estas regulata de la konsumantle\u011daro en Norvegio (avtaleloven, forbrukerkj\u00f8psloven, markedsf\u00f8ringsloven, angrerettsloven&hellip;\" \/>\n<meta property=\"og:url\" content=\"https:\/\/saluton.no\/index.php\/eo\/kondicoj\/\" \/>\n<meta property=\"og:site_name\" content=\"Saluton.no\" \/>\n<meta property=\"article:publisher\" content=\"https:\/\/www.facebook.com\/Saluton.no\/\" \/>\n<meta property=\"article:modified_time\" content=\"2024-06-09T20:23:01+00:00\" \/>\n<meta name=\"twitter:card\" content=\"summary_large_image\" \/>\n<meta name=\"twitter:site\" content=\"@saluton_no\" \/>\n<meta name=\"twitter:label1\" content=\"Ansl. lesetid\" \/>\n\t<meta name=\"twitter:data1\" content=\"3 minutter\" \/>\n<script type=\"application\/ld+json\" class=\"yoast-schema-graph\">{\"@context\":\"https:\/\/schema.org\",\"@graph\":[{\"@type\":\"WebPage\",\"@id\":\"https:\/\/saluton.no\/index.php\/eo\/kondicoj\/\",\"url\":\"https:\/\/saluton.no\/index.php\/eo\/kondicoj\/\",\"name\":\"Kondi\u0109oj - Saluton.no\",\"isPartOf\":{\"@id\":\"https:\/\/saluton.no\/#website\"},\"datePublished\":\"2013-09-21T13:24:29+00:00\",\"dateModified\":\"2024-06-09T20:23:01+00:00\",\"breadcrumb\":{\"@id\":\"https:\/\/saluton.no\/index.php\/eo\/kondicoj\/#breadcrumb\"},\"inLanguage\":\"nb-NO\",\"potentialAction\":[{\"@type\":\"ReadAction\",\"target\":[\"https:\/\/saluton.no\/index.php\/eo\/kondicoj\/\"]}]},{\"@type\":\"BreadcrumbList\",\"@id\":\"https:\/\/saluton.no\/index.php\/eo\/kondicoj\/#breadcrumb\",\"itemListElement\":[{\"@type\":\"ListItem\",\"position\":1,\"name\":\"Hjem\",\"item\":\"https:\/\/saluton.no\/index.php\/nb\/\"},{\"@type\":\"ListItem\",\"position\":2,\"name\":\"Kondi\u0109oj\"}]},{\"@type\":\"WebSite\",\"@id\":\"https:\/\/saluton.no\/#website\",\"url\":\"https:\/\/saluton.no\/\",\"name\":\"Saluton.no\",\"description\":\"\",\"publisher\":{\"@id\":\"https:\/\/saluton.no\/#organization\"},\"potentialAction\":[{\"@type\":\"SearchAction\",\"target\":{\"@type\":\"EntryPoint\",\"urlTemplate\":\"https:\/\/saluton.no\/?s={search_term_string}\"},\"query-input\":{\"@type\":\"PropertyValueSpecification\",\"valueRequired\":true,\"valueName\":\"search_term_string\"}}],\"inLanguage\":\"nb-NO\"},{\"@type\":\"Organization\",\"@id\":\"https:\/\/saluton.no\/#organization\",\"name\":\"Saluton.no\",\"url\":\"https:\/\/saluton.no\/\",\"logo\":{\"@type\":\"ImageObject\",\"inLanguage\":\"nb-NO\",\"@id\":\"https:\/\/saluton.no\/#\/schema\/logo\/image\/\",\"url\":\"https:\/\/saluton.no\/wp-content\/uploads\/2013\/09\/saluton-500.png\",\"contentUrl\":\"https:\/\/saluton.no\/wp-content\/uploads\/2013\/09\/saluton-500.png\",\"width\":389,\"height\":179,\"caption\":\"Saluton.no\"},\"image\":{\"@id\":\"https:\/\/saluton.no\/#\/schema\/logo\/image\/\"},\"sameAs\":[\"https:\/\/www.facebook.com\/Saluton.no\/\",\"https:\/\/x.com\/saluton_no\",\"https:\/\/esperanto.masto.host\/@saluton\"]}]}<\/script>\n<!-- \/ Yoast SEO plugin. -->","yoast_head_json":{"title":"Kondi\u0109oj - Saluton.no","robots":{"index":"index","follow":"follow","max-snippet":"max-snippet:-1","max-image-preview":"max-image-preview:large","max-video-preview":"max-video-preview:-1"},"canonical":"https:\/\/saluton.no\/index.php\/eo\/kondicoj\/","og_locale":"nb_NO","og_type":"article","og_title":"Kondi\u0109oj - Saluton.no","og_description":"Enkonduko Por mendi \u0109e saluton.no vi devas havi pli ol 18 jarojn. La mendo estas regulata de la konsumantle\u011daro en Norvegio (avtaleloven, forbrukerkj\u00f8psloven, markedsf\u00f8ringsloven, angrerettsloven&hellip;","og_url":"https:\/\/saluton.no\/index.php\/eo\/kondicoj\/","og_site_name":"Saluton.no","article_publisher":"https:\/\/www.facebook.com\/Saluton.no\/","article_modified_time":"2024-06-09T20:23:01+00:00","twitter_card":"summary_large_image","twitter_site":"@saluton_no","twitter_misc":{"Ansl. lesetid":"3 minutter"},"schema":{"@context":"https:\/\/schema.org","@graph":[{"@type":"WebPage","@id":"https:\/\/saluton.no\/index.php\/eo\/kondicoj\/","url":"https:\/\/saluton.no\/index.php\/eo\/kondicoj\/","name":"Kondi\u0109oj - Saluton.no","isPartOf":{"@id":"https:\/\/saluton.no\/#website"},"datePublished":"2013-09-21T13:24:29+00:00","dateModified":"2024-06-09T20:23:01+00:00","breadcrumb":{"@id":"https:\/\/saluton.no\/index.php\/eo\/kondicoj\/#breadcrumb"},"inLanguage":"nb-NO","potentialAction":[{"@type":"ReadAction","target":["https:\/\/saluton.no\/index.php\/eo\/kondicoj\/"]}]},{"@type":"BreadcrumbList","@id":"https:\/\/saluton.no\/index.php\/eo\/kondicoj\/#breadcrumb","itemListElement":[{"@type":"ListItem","position":1,"name":"Hjem","item":"https:\/\/saluton.no\/index.php\/nb\/"},{"@type":"ListItem","position":2,"name":"Kondi\u0109oj"}]},{"@type":"WebSite","@id":"https:\/\/saluton.no\/#website","url":"https:\/\/saluton.no\/","name":"Saluton.no","description":"","publisher":{"@id":"https:\/\/saluton.no\/#organization"},"potentialAction":[{"@type":"SearchAction","target":{"@type":"EntryPoint","urlTemplate":"https:\/\/saluton.no\/?s={search_term_string}"},"query-input":{"@type":"PropertyValueSpecification","valueRequired":true,"valueName":"search_term_string"}}],"inLanguage":"nb-NO"},{"@type":"Organization","@id":"https:\/\/saluton.no\/#organization","name":"Saluton.no","url":"https:\/\/saluton.no\/","logo":{"@type":"ImageObject","inLanguage":"nb-NO","@id":"https:\/\/saluton.no\/#\/schema\/logo\/image\/","url":"https:\/\/saluton.no\/wp-content\/uploads\/2013\/09\/saluton-500.png","contentUrl":"https:\/\/saluton.no\/wp-content\/uploads\/2013\/09\/saluton-500.png","width":389,"height":179,"caption":"Saluton.no"},"image":{"@id":"https:\/\/saluton.no\/#\/schema\/logo\/image\/"},"sameAs":["https:\/\/www.facebook.com\/Saluton.no\/","https:\/\/x.com\/saluton_no","https:\/\/esperanto.masto.host\/@saluton"]}]}},"lang":"eo","translations":{"eo":642,"nb":264,"en":645},"pll_sync_post":[],"_links":{"self":[{"href":"https:\/\/saluton.no\/index.php\/wp-json\/wp\/v2\/pages\/642","targetHints":{"allow":["GET"]}}],"collection":[{"href":"https:\/\/saluton.no\/index.php\/wp-json\/wp\/v2\/pages"}],"about":[{"href":"https:\/\/saluton.no\/index.php\/wp-json\/wp\/v2\/types\/page"}],"author":[{"embeddable":true,"href":"https:\/\/saluton.no\/index.php\/wp-json\/wp\/v2\/users\/1"}],"replies":[{"embeddable":true,"href":"https:\/\/saluton.no\/index.php\/wp-json\/wp\/v2\/comments?post=642"}],"version-history":[{"count":5,"href":"https:\/\/saluton.no\/index.php\/wp-json\/wp\/v2\/pages\/642\/revisions"}],"predecessor-version":[{"id":1118,"href":"https:\/\/saluton.no\/index.php\/wp-json\/wp\/v2\/pages\/642\/revisions\/1118"}],"wp:attachment":[{"href":"https:\/\/saluton.no\/index.php\/wp-json\/wp\/v2\/media?parent=642"}],"curies":[{"name":"wp","href":"https:\/\/api.w.org\/{rel}","templated":true}]}}