{"id":570,"date":"2020-06-24T09:53:32","date_gmt":"2020-06-24T07:53:32","guid":{"rendered":"http:\/\/ny.saluton.no\/?page_id=570"},"modified":"2020-07-29T12:10:08","modified_gmt":"2020-07-29T10:10:08","slug":"cookies","status":"publish","type":"page","link":"https:\/\/saluton.no\/index.php\/en\/cookies\/","title":{"rendered":"Privacy statement"},"content":{"rendered":"\n<p>Saluton.no is serius about privacy, and only collects information needed to accept and send your ordered books to the correct address.<\/p>\n\n\n\n<p><strong>Cookies<\/strong><br>Saluton.no uses cookies. \u2018Cookies\u2019 are small text files stored on you computer to remember visited web pages and settings on these web pages. They also help deliver an adapted view for returning visitors.<\/p>\n\n\n\n<p>De fleste moderne nettlesere (Google Chrome, Firefox, Internet Explorer, Safari, Opera, etc.) aksepterer cookies som standard, men du kan endre innstillingene i nettleseren slik at den avviser cookies. Vi gj\u00f8r oppmerksom p\u00e5 at sv\u00e6rt mange nettsider ikke vil fungere optimalt uten cookies.<\/p>\n\n\n\n<p>Cookies som brukes p\u00e5 disse sidene er listet opp under, sammen med en kort beskrivelse av hva de brukes til.<\/p>\n\n\n\n<p><strong>woocommerce_<\/strong>&nbsp;\u2013 are used to handle orders and products at saluton.no.<br><strong>pll_language<\/strong> \u2013 To enable the multilanguage functionality.<br><strong>wp*<em>\/wordpress<\/em>*<\/strong> \u2013 Keeps information on the logged in status.<\/p>\n\n\n\n<p><strong>Information we keep<\/strong><br>When you visit saluton.no without buying anything, we to not keep track of any information about you or your browser. When you choose to order, we need to know a few essential things:<\/p>\n\n\n\n<p><strong>Name and delivery address<\/strong> \u2013 to know where to send the goods.<br><strong>Email<\/strong> <strong>address<\/strong>  \u2013 to send you an automatic receipt and any updates related to the order. Saluton.no will not use your email for marketing and we will not sell your information to a third party.<br><strong>Phone<\/strong> \u2013 to be able to get in touch about your order. Saluton.no does not send SMS or use your phone number for marketing purposes.<\/p>\n\n\n\n<p><strong>PayPal<\/strong><br>Saluton.no uses Paypal as payment provider. Information on what you bought, together with your name, email address, delivery address and amount will be transferred to PayPal and also stored there. You may choose to pay by your PayPal account or with a debet\/credit card directly. We also refer to <a rel=\"noreferrer noopener\" href=\"https:\/\/www.paypal.com\/no\/webapps\/mpp\/ua\/privacy-full?locale.x=no_NO\" target=\"_blank\">Paypal\u2019s own Privacy Statement.<\/a><\/p>\n\n\n\n<p><strong>Storage limit<\/strong><br>Personal information will be stored as long as necessary for bookkeeping, and we delete all personal data when they are no longer needed. At the moment, this period is set to two years.<\/p>\n\n\n\n<p><strong>User account<\/strong><br>When you order at saluton.no you may create a user account. it is not mandatory for ordering. A user account will be deleted if inactive in six months.<\/p>\n\n\n\n<p><\/p>\n","protected":false},"excerpt":{"rendered":"<p>Saluton.no is serius about privacy, and only collects information needed to accept and send your ordered books to the correct address. CookiesSaluton.no uses cookies. \u2018Cookies\u2019&hellip;<\/p>\n","protected":false},"author":1,"featured_media":0,"parent":0,"menu_order":99,"comment_status":"closed","ping_status":"open","template":"","meta":{"footnotes":""},"class_list":["post-570","page","type-page","status-publish","hentry"],"yoast_head":"<!-- This site is optimized with the Yoast SEO plugin v27.1.1 - https:\/\/yoast.com\/product\/yoast-seo-wordpress\/ -->\n<title>Privacy statement - Saluton.no<\/title>\n<meta name=\"robots\" content=\"index, follow, max-snippet:-1, max-image-preview:large, max-video-preview:-1\" \/>\n<link rel=\"canonical\" href=\"https:\/\/saluton.no\/index.php\/en\/cookies\/\" \/>\n<meta property=\"og:locale\" content=\"nb_NO\" \/>\n<meta property=\"og:type\" content=\"article\" \/>\n<meta property=\"og:title\" content=\"Privacy statement - Saluton.no\" \/>\n<meta property=\"og:description\" content=\"Saluton.no is serius about privacy, and only collects information needed to accept and send your ordered books to the correct address. CookiesSaluton.no uses cookies. \u2018Cookies\u2019&hellip;\" \/>\n<meta property=\"og:url\" content=\"https:\/\/saluton.no\/index.php\/en\/cookies\/\" \/>\n<meta property=\"og:site_name\" content=\"Saluton.no\" \/>\n<meta property=\"article:publisher\" content=\"https:\/\/www.facebook.com\/Saluton.no\/\" \/>\n<meta property=\"article:modified_time\" content=\"2020-07-29T10:10:08+00:00\" \/>\n<meta name=\"twitter:card\" content=\"summary_large_image\" \/>\n<meta name=\"twitter:site\" content=\"@saluton_no\" \/>\n<meta name=\"twitter:label1\" content=\"Ansl. lesetid\" \/>\n\t<meta name=\"twitter:data1\" content=\"2 minutter\" \/>\n<script type=\"application\/ld+json\" class=\"yoast-schema-graph\">{\"@context\":\"https:\/\/schema.org\",\"@graph\":[{\"@type\":\"WebPage\",\"@id\":\"https:\/\/saluton.no\/index.php\/en\/cookies\/\",\"url\":\"https:\/\/saluton.no\/index.php\/en\/cookies\/\",\"name\":\"Privacy statement - Saluton.no\",\"isPartOf\":{\"@id\":\"https:\/\/saluton.no\/#website\"},\"datePublished\":\"2020-06-24T07:53:32+00:00\",\"dateModified\":\"2020-07-29T10:10:08+00:00\",\"breadcrumb\":{\"@id\":\"https:\/\/saluton.no\/index.php\/en\/cookies\/#breadcrumb\"},\"inLanguage\":\"nb-NO\",\"potentialAction\":[{\"@type\":\"ReadAction\",\"target\":[\"https:\/\/saluton.no\/index.php\/en\/cookies\/\"]}]},{\"@type\":\"BreadcrumbList\",\"@id\":\"https:\/\/saluton.no\/index.php\/en\/cookies\/#breadcrumb\",\"itemListElement\":[{\"@type\":\"ListItem\",\"position\":1,\"name\":\"Hjem\",\"item\":\"https:\/\/saluton.no\/index.php\/nb\/\"},{\"@type\":\"ListItem\",\"position\":2,\"name\":\"Privacy statement\"}]},{\"@type\":\"WebSite\",\"@id\":\"https:\/\/saluton.no\/#website\",\"url\":\"https:\/\/saluton.no\/\",\"name\":\"Saluton.no\",\"description\":\"\",\"publisher\":{\"@id\":\"https:\/\/saluton.no\/#organization\"},\"potentialAction\":[{\"@type\":\"SearchAction\",\"target\":{\"@type\":\"EntryPoint\",\"urlTemplate\":\"https:\/\/saluton.no\/?s={search_term_string}\"},\"query-input\":{\"@type\":\"PropertyValueSpecification\",\"valueRequired\":true,\"valueName\":\"search_term_string\"}}],\"inLanguage\":\"nb-NO\"},{\"@type\":\"Organization\",\"@id\":\"https:\/\/saluton.no\/#organization\",\"name\":\"Saluton.no\",\"url\":\"https:\/\/saluton.no\/\",\"logo\":{\"@type\":\"ImageObject\",\"inLanguage\":\"nb-NO\",\"@id\":\"https:\/\/saluton.no\/#\/schema\/logo\/image\/\",\"url\":\"https:\/\/saluton.no\/wp-content\/uploads\/2013\/09\/saluton-500.png\",\"contentUrl\":\"https:\/\/saluton.no\/wp-content\/uploads\/2013\/09\/saluton-500.png\",\"width\":389,\"height\":179,\"caption\":\"Saluton.no\"},\"image\":{\"@id\":\"https:\/\/saluton.no\/#\/schema\/logo\/image\/\"},\"sameAs\":[\"https:\/\/www.facebook.com\/Saluton.no\/\",\"https:\/\/x.com\/saluton_no\",\"https:\/\/esperanto.masto.host\/@saluton\"]}]}<\/script>\n<!-- \/ Yoast SEO plugin. -->","yoast_head_json":{"title":"Privacy statement - Saluton.no","robots":{"index":"index","follow":"follow","max-snippet":"max-snippet:-1","max-image-preview":"max-image-preview:large","max-video-preview":"max-video-preview:-1"},"canonical":"https:\/\/saluton.no\/index.php\/en\/cookies\/","og_locale":"nb_NO","og_type":"article","og_title":"Privacy statement - Saluton.no","og_description":"Saluton.no is serius about privacy, and only collects information needed to accept and send your ordered books to the correct address. CookiesSaluton.no uses cookies. \u2018Cookies\u2019&hellip;","og_url":"https:\/\/saluton.no\/index.php\/en\/cookies\/","og_site_name":"Saluton.no","article_publisher":"https:\/\/www.facebook.com\/Saluton.no\/","article_modified_time":"2020-07-29T10:10:08+00:00","twitter_card":"summary_large_image","twitter_site":"@saluton_no","twitter_misc":{"Ansl. lesetid":"2 minutter"},"schema":{"@context":"https:\/\/schema.org","@graph":[{"@type":"WebPage","@id":"https:\/\/saluton.no\/index.php\/en\/cookies\/","url":"https:\/\/saluton.no\/index.php\/en\/cookies\/","name":"Privacy statement - Saluton.no","isPartOf":{"@id":"https:\/\/saluton.no\/#website"},"datePublished":"2020-06-24T07:53:32+00:00","dateModified":"2020-07-29T10:10:08+00:00","breadcrumb":{"@id":"https:\/\/saluton.no\/index.php\/en\/cookies\/#breadcrumb"},"inLanguage":"nb-NO","potentialAction":[{"@type":"ReadAction","target":["https:\/\/saluton.no\/index.php\/en\/cookies\/"]}]},{"@type":"BreadcrumbList","@id":"https:\/\/saluton.no\/index.php\/en\/cookies\/#breadcrumb","itemListElement":[{"@type":"ListItem","position":1,"name":"Hjem","item":"https:\/\/saluton.no\/index.php\/nb\/"},{"@type":"ListItem","position":2,"name":"Privacy statement"}]},{"@type":"WebSite","@id":"https:\/\/saluton.no\/#website","url":"https:\/\/saluton.no\/","name":"Saluton.no","description":"","publisher":{"@id":"https:\/\/saluton.no\/#organization"},"potentialAction":[{"@type":"SearchAction","target":{"@type":"EntryPoint","urlTemplate":"https:\/\/saluton.no\/?s={search_term_string}"},"query-input":{"@type":"PropertyValueSpecification","valueRequired":true,"valueName":"search_term_string"}}],"inLanguage":"nb-NO"},{"@type":"Organization","@id":"https:\/\/saluton.no\/#organization","name":"Saluton.no","url":"https:\/\/saluton.no\/","logo":{"@type":"ImageObject","inLanguage":"nb-NO","@id":"https:\/\/saluton.no\/#\/schema\/logo\/image\/","url":"https:\/\/saluton.no\/wp-content\/uploads\/2013\/09\/saluton-500.png","contentUrl":"https:\/\/saluton.no\/wp-content\/uploads\/2013\/09\/saluton-500.png","width":389,"height":179,"caption":"Saluton.no"},"image":{"@id":"https:\/\/saluton.no\/#\/schema\/logo\/image\/"},"sameAs":["https:\/\/www.facebook.com\/Saluton.no\/","https:\/\/x.com\/saluton_no","https:\/\/esperanto.masto.host\/@saluton"]}]}},"lang":"en","translations":{"en":570,"nb":218,"eo":661},"pll_sync_post":[],"_links":{"self":[{"href":"https:\/\/saluton.no\/index.php\/wp-json\/wp\/v2\/pages\/570","targetHints":{"allow":["GET"]}}],"collection":[{"href":"https:\/\/saluton.no\/index.php\/wp-json\/wp\/v2\/pages"}],"about":[{"href":"https:\/\/saluton.no\/index.php\/wp-json\/wp\/v2\/types\/page"}],"author":[{"embeddable":true,"href":"https:\/\/saluton.no\/index.php\/wp-json\/wp\/v2\/users\/1"}],"replies":[{"embeddable":true,"href":"https:\/\/saluton.no\/index.php\/wp-json\/wp\/v2\/comments?post=570"}],"version-history":[{"count":7,"href":"https:\/\/saluton.no\/index.php\/wp-json\/wp\/v2\/pages\/570\/revisions"}],"predecessor-version":[{"id":935,"href":"https:\/\/saluton.no\/index.php\/wp-json\/wp\/v2\/pages\/570\/revisions\/935"}],"wp:attachment":[{"href":"https:\/\/saluton.no\/index.php\/wp-json\/wp\/v2\/media?parent=570"}],"curies":[{"name":"wp","href":"https:\/\/api.w.org\/{rel}","templated":true}]}}