{"id":39,"date":"2013-07-05T21:17:19","date_gmt":"2013-07-05T21:17:19","guid":{"rendered":"http:\/\/saluton.no\/?page_id=39"},"modified":"2020-07-28T21:48:42","modified_gmt":"2020-07-28T19:48:42","slug":"om-oss","status":"publish","type":"page","link":"https:\/\/saluton.no\/index.php\/nb\/om-oss\/","title":{"rendered":"Om oss"},"content":{"rendered":"<p><!--:no-->Saluton.no oversetter og utgir Pondus p\u00e5 esperanto. <em>Saluton<\/em> betyr <em>hei<\/em> p\u00e5 esperanto.<\/p>\n<p><strong>Saluton.no<\/strong><br \/>\nAsbj\u00f8rn \u00d8ver\u00e5s veg 14 G<br \/>\n7036 Trondheim<\/p>\n<p>post @ saluton.no<\/p>\n<p>Vi tar personvern p\u00e5 alvor: <a href=\"http:\/\/saluton.no\/sample-page\/cookies\/\">Les mer<\/a>.<!--:--><!--:eo--><!--:--><\/p>\n","protected":false},"excerpt":{"rendered":"<p>Saluton.no oversetter og utgir Pondus p\u00e5 esperanto. Saluton betyr hei p\u00e5 esperanto. Saluton.no Asbj\u00f8rn \u00d8ver\u00e5s veg 14 G 7036 Trondheim post @ saluton.no Vi tar&hellip;<\/p>\n","protected":false},"author":1,"featured_media":0,"parent":0,"menu_order":4,"comment_status":"closed","ping_status":"closed","template":"","meta":{"footnotes":""},"class_list":["post-39","page","type-page","status-publish","hentry"],"yoast_head":"<!-- This site is optimized with the Yoast SEO plugin v27.1.1 - https:\/\/yoast.com\/product\/yoast-seo-wordpress\/ -->\n<title>Om oss - Saluton.no<\/title>\n<meta name=\"robots\" content=\"index, follow, max-snippet:-1, max-image-preview:large, max-video-preview:-1\" \/>\n<link rel=\"canonical\" href=\"https:\/\/saluton.no\/index.php\/nb\/om-oss\/\" \/>\n<meta property=\"og:locale\" content=\"nb_NO\" \/>\n<meta property=\"og:type\" content=\"article\" \/>\n<meta property=\"og:title\" content=\"Om oss - Saluton.no\" \/>\n<meta property=\"og:description\" content=\"Saluton.no oversetter og utgir Pondus p\u00e5 esperanto. Saluton betyr hei p\u00e5 esperanto. Saluton.no Asbj\u00f8rn \u00d8ver\u00e5s veg 14 G 7036 Trondheim post @ saluton.no Vi tar&hellip;\" \/>\n<meta property=\"og:url\" content=\"https:\/\/saluton.no\/index.php\/nb\/om-oss\/\" \/>\n<meta property=\"og:site_name\" content=\"Saluton.no\" \/>\n<meta property=\"article:publisher\" content=\"https:\/\/www.facebook.com\/Saluton.no\/\" \/>\n<meta property=\"article:modified_time\" content=\"2020-07-28T19:48:42+00:00\" \/>\n<meta name=\"twitter:card\" content=\"summary_large_image\" \/>\n<meta name=\"twitter:site\" content=\"@saluton_no\" \/>\n<script type=\"application\/ld+json\" class=\"yoast-schema-graph\">{\"@context\":\"https:\/\/schema.org\",\"@graph\":[{\"@type\":\"WebPage\",\"@id\":\"https:\/\/saluton.no\/index.php\/nb\/om-oss\/\",\"url\":\"https:\/\/saluton.no\/index.php\/nb\/om-oss\/\",\"name\":\"Om oss - Saluton.no\",\"isPartOf\":{\"@id\":\"https:\/\/saluton.no\/#website\"},\"datePublished\":\"2013-07-05T21:17:19+00:00\",\"dateModified\":\"2020-07-28T19:48:42+00:00\",\"breadcrumb\":{\"@id\":\"https:\/\/saluton.no\/index.php\/nb\/om-oss\/#breadcrumb\"},\"inLanguage\":\"nb-NO\",\"potentialAction\":[{\"@type\":\"ReadAction\",\"target\":[\"https:\/\/saluton.no\/index.php\/nb\/om-oss\/\"]}]},{\"@type\":\"BreadcrumbList\",\"@id\":\"https:\/\/saluton.no\/index.php\/nb\/om-oss\/#breadcrumb\",\"itemListElement\":[{\"@type\":\"ListItem\",\"position\":1,\"name\":\"Hjem\",\"item\":\"https:\/\/saluton.no\/index.php\/nb\/\"},{\"@type\":\"ListItem\",\"position\":2,\"name\":\"Om oss\"}]},{\"@type\":\"WebSite\",\"@id\":\"https:\/\/saluton.no\/#website\",\"url\":\"https:\/\/saluton.no\/\",\"name\":\"Saluton.no\",\"description\":\"\",\"publisher\":{\"@id\":\"https:\/\/saluton.no\/#organization\"},\"potentialAction\":[{\"@type\":\"SearchAction\",\"target\":{\"@type\":\"EntryPoint\",\"urlTemplate\":\"https:\/\/saluton.no\/?s={search_term_string}\"},\"query-input\":{\"@type\":\"PropertyValueSpecification\",\"valueRequired\":true,\"valueName\":\"search_term_string\"}}],\"inLanguage\":\"nb-NO\"},{\"@type\":\"Organization\",\"@id\":\"https:\/\/saluton.no\/#organization\",\"name\":\"Saluton.no\",\"url\":\"https:\/\/saluton.no\/\",\"logo\":{\"@type\":\"ImageObject\",\"inLanguage\":\"nb-NO\",\"@id\":\"https:\/\/saluton.no\/#\/schema\/logo\/image\/\",\"url\":\"https:\/\/saluton.no\/wp-content\/uploads\/2013\/09\/saluton-500.png\",\"contentUrl\":\"https:\/\/saluton.no\/wp-content\/uploads\/2013\/09\/saluton-500.png\",\"width\":389,\"height\":179,\"caption\":\"Saluton.no\"},\"image\":{\"@id\":\"https:\/\/saluton.no\/#\/schema\/logo\/image\/\"},\"sameAs\":[\"https:\/\/www.facebook.com\/Saluton.no\/\",\"https:\/\/x.com\/saluton_no\",\"https:\/\/esperanto.masto.host\/@saluton\"]}]}<\/script>\n<!-- \/ Yoast SEO plugin. -->","yoast_head_json":{"title":"Om oss - Saluton.no","robots":{"index":"index","follow":"follow","max-snippet":"max-snippet:-1","max-image-preview":"max-image-preview:large","max-video-preview":"max-video-preview:-1"},"canonical":"https:\/\/saluton.no\/index.php\/nb\/om-oss\/","og_locale":"nb_NO","og_type":"article","og_title":"Om oss - Saluton.no","og_description":"Saluton.no oversetter og utgir Pondus p\u00e5 esperanto. Saluton betyr hei p\u00e5 esperanto. Saluton.no Asbj\u00f8rn \u00d8ver\u00e5s veg 14 G 7036 Trondheim post @ saluton.no Vi tar&hellip;","og_url":"https:\/\/saluton.no\/index.php\/nb\/om-oss\/","og_site_name":"Saluton.no","article_publisher":"https:\/\/www.facebook.com\/Saluton.no\/","article_modified_time":"2020-07-28T19:48:42+00:00","twitter_card":"summary_large_image","twitter_site":"@saluton_no","schema":{"@context":"https:\/\/schema.org","@graph":[{"@type":"WebPage","@id":"https:\/\/saluton.no\/index.php\/nb\/om-oss\/","url":"https:\/\/saluton.no\/index.php\/nb\/om-oss\/","name":"Om oss - Saluton.no","isPartOf":{"@id":"https:\/\/saluton.no\/#website"},"datePublished":"2013-07-05T21:17:19+00:00","dateModified":"2020-07-28T19:48:42+00:00","breadcrumb":{"@id":"https:\/\/saluton.no\/index.php\/nb\/om-oss\/#breadcrumb"},"inLanguage":"nb-NO","potentialAction":[{"@type":"ReadAction","target":["https:\/\/saluton.no\/index.php\/nb\/om-oss\/"]}]},{"@type":"BreadcrumbList","@id":"https:\/\/saluton.no\/index.php\/nb\/om-oss\/#breadcrumb","itemListElement":[{"@type":"ListItem","position":1,"name":"Hjem","item":"https:\/\/saluton.no\/index.php\/nb\/"},{"@type":"ListItem","position":2,"name":"Om oss"}]},{"@type":"WebSite","@id":"https:\/\/saluton.no\/#website","url":"https:\/\/saluton.no\/","name":"Saluton.no","description":"","publisher":{"@id":"https:\/\/saluton.no\/#organization"},"potentialAction":[{"@type":"SearchAction","target":{"@type":"EntryPoint","urlTemplate":"https:\/\/saluton.no\/?s={search_term_string}"},"query-input":{"@type":"PropertyValueSpecification","valueRequired":true,"valueName":"search_term_string"}}],"inLanguage":"nb-NO"},{"@type":"Organization","@id":"https:\/\/saluton.no\/#organization","name":"Saluton.no","url":"https:\/\/saluton.no\/","logo":{"@type":"ImageObject","inLanguage":"nb-NO","@id":"https:\/\/saluton.no\/#\/schema\/logo\/image\/","url":"https:\/\/saluton.no\/wp-content\/uploads\/2013\/09\/saluton-500.png","contentUrl":"https:\/\/saluton.no\/wp-content\/uploads\/2013\/09\/saluton-500.png","width":389,"height":179,"caption":"Saluton.no"},"image":{"@id":"https:\/\/saluton.no\/#\/schema\/logo\/image\/"},"sameAs":["https:\/\/www.facebook.com\/Saluton.no\/","https:\/\/x.com\/saluton_no","https:\/\/esperanto.masto.host\/@saluton"]}]}},"lang":"nb","translations":{"nb":39,"eo":707,"en":710},"pll_sync_post":[],"_links":{"self":[{"href":"https:\/\/saluton.no\/index.php\/wp-json\/wp\/v2\/pages\/39","targetHints":{"allow":["GET"]}}],"collection":[{"href":"https:\/\/saluton.no\/index.php\/wp-json\/wp\/v2\/pages"}],"about":[{"href":"https:\/\/saluton.no\/index.php\/wp-json\/wp\/v2\/types\/page"}],"author":[{"embeddable":true,"href":"https:\/\/saluton.no\/index.php\/wp-json\/wp\/v2\/users\/1"}],"replies":[{"embeddable":true,"href":"https:\/\/saluton.no\/index.php\/wp-json\/wp\/v2\/comments?post=39"}],"version-history":[{"count":2,"href":"https:\/\/saluton.no\/index.php\/wp-json\/wp\/v2\/pages\/39\/revisions"}],"predecessor-version":[{"id":905,"href":"https:\/\/saluton.no\/index.php\/wp-json\/wp\/v2\/pages\/39\/revisions\/905"}],"wp:attachment":[{"href":"https:\/\/saluton.no\/index.php\/wp-json\/wp\/v2\/media?parent=39"}],"curies":[{"name":"wp","href":"https:\/\/api.w.org\/{rel}","templated":true}]}}