{"id":38,"date":"2013-07-05T21:16:42","date_gmt":"2013-07-05T21:16:42","guid":{"rendered":"http:\/\/saluton.no\/?page_id=38"},"modified":"2023-03-14T10:24:13","modified_gmt":"2023-03-14T08:24:13","slug":"esperanto","status":"publish","type":"page","link":"https:\/\/saluton.no\/index.php\/nb\/esperanto\/","title":{"rendered":"Om Esperanto"},"content":{"rendered":"<p><!--:no-->Esperanto er et planspr\u00e5k som f\u00f8rste gang s\u00e5 dagens lys i 1887. Spr\u00e5kets far var <a href=\"http:\/\/no.wikipedia.org\/wiki\/Ludwik_Lejzer_Zamenhof\" target=\"_blank\" rel=\"noopener noreferrer\">Ludwik Lejzer Zamenhof<\/a> som brukte psevdonymet \u00abdr. Esperanto\u00bb (esperanto betyr \u00aben som h\u00e5per\u00bb) da han publiserte den f\u00f8rste boken om spr\u00e5ket. Esperanto ble dermed etterhvert ogs\u00e5 spr\u00e5kets navn.<\/p>\n<figure id=\"attachment_134\" aria-describedby=\"caption-attachment-134\" style=\"width: 150px\" class=\"wp-caption alignright\"><a href=\"https:\/\/saluton.no\/wp-content\/uploads\/2013\/07\/eo-125-logo.png\"><img decoding=\"async\" class=\" wp-image-134 \" src=\"https:\/\/saluton.no\/wp-content\/uploads\/2013\/07\/eo-125-logo.png\" alt=\"Esperanto 125\" width=\"150\"><\/a><figcaption id=\"caption-attachment-134\" class=\"wp-caption-text\">I 2012 var det 125 \u00e5r siden<br \/>esperanto ble lansert.<\/figcaption><\/figure>\n<p>I dag brukes esperanto av folk i over 100 land og i hovedsak som kommunikasjonsmiddel mellom folk med ulike morsm\u00e5l, men det har ogs\u00e5 vokst fram en egen \u00abesperantokultur\u00bb i kj\u00f8lvannet av dette.<\/p>\n<p>En uttalt ideologi i 1887 var at esperanto skulle tjene som et felles andrespr\u00e5k, fordi det er mest rettferdig \u00e5 bruke et spr\u00e5k som ingen eier mer enn andre, eller hvor ingen har overm\u00e5te store fordeler av \u00e5 ha dette spr\u00e5ket som morsm\u00e5l. Spr\u00e5ket ble derfor bygget for \u00e5 v\u00e6re s\u00e5 lett \u00e5 l\u00e6re som mulig. I dag har folk mange ulike grunner til \u00e5 l\u00e6re esperanto, blant annet av generell spr\u00e5kinteresse eller fordi det er sosialt og morsomt.<\/p>\n<p>En kort innf\u00f8ring i esperantos grammatikk finner du <a href=\"http:\/\/esperanto.no\/minigrammatikk\" target=\"_blank\" rel=\"noopener noreferrer\">her<\/a>.<\/p>\n<p>Mange esperantobrukere rundt om i verden er organisert i klubber og forbund, samt det internasjonale esperantoforbundet UEA. I Norge er det Norsk Esperanto-Forbund som er offisielt kontaktpunkt.<\/p>\n<p>Les mer om esperanto p\u00e5 <a href=\"http:\/\/www.esperanto.no\/kvaer\" target=\"_blank\" rel=\"noopener noreferrer\">www.esperanto.no<\/a> eller p\u00e5 <a href=\"http:\/\/no.wikipedia.org\/wiki\/Esperanto\" target=\"_blank\" rel=\"noopener noreferrer\">Wikipedia<\/a>.<\/p>\n<p>Lyst til \u00e5 l\u00e6re esperanto? Da anbefaler vi <a href=\"https:\/\/duolingo.com\" target=\"_blank\" rel=\"noopener noreferrer\">Duolingo<\/a> eller nettkurset p\u00e5 <a href=\"http:\/\/no.lernu.net\" target=\"_blank\" rel=\"noopener noreferrer\">www.lernu.net<\/a>.<!--:--><!--:eo--><!--:--><\/p>\n","protected":false},"excerpt":{"rendered":"<p>Esperanto er et planspr\u00e5k som f\u00f8rste gang s\u00e5 dagens lys i 1887. Spr\u00e5kets far var Ludwik Lejzer Zamenhof som brukte psevdonymet \u00abdr. Esperanto\u00bb (esperanto betyr&hellip;<\/p>\n","protected":false},"author":1,"featured_media":0,"parent":0,"menu_order":2,"comment_status":"open","ping_status":"open","template":"","meta":{"footnotes":""},"class_list":["post-38","page","type-page","status-publish","hentry"],"yoast_head":"<!-- This site is optimized with the Yoast SEO plugin v27.1.1 - https:\/\/yoast.com\/product\/yoast-seo-wordpress\/ -->\n<title>Om Esperanto - Saluton.no<\/title>\n<meta name=\"robots\" content=\"index, follow, max-snippet:-1, max-image-preview:large, max-video-preview:-1\" \/>\n<link rel=\"canonical\" href=\"https:\/\/saluton.no\/index.php\/nb\/esperanto\/\" \/>\n<meta property=\"og:locale\" content=\"nb_NO\" \/>\n<meta property=\"og:type\" content=\"article\" \/>\n<meta property=\"og:title\" content=\"Om Esperanto - Saluton.no\" \/>\n<meta property=\"og:description\" content=\"Esperanto er et planspr\u00e5k som f\u00f8rste gang s\u00e5 dagens lys i 1887. Spr\u00e5kets far var Ludwik Lejzer Zamenhof som brukte psevdonymet \u00abdr. Esperanto\u00bb (esperanto betyr&hellip;\" \/>\n<meta property=\"og:url\" content=\"https:\/\/saluton.no\/index.php\/nb\/esperanto\/\" \/>\n<meta property=\"og:site_name\" content=\"Saluton.no\" \/>\n<meta property=\"article:publisher\" content=\"https:\/\/www.facebook.com\/Saluton.no\/\" \/>\n<meta property=\"article:modified_time\" content=\"2023-03-14T08:24:13+00:00\" \/>\n<meta property=\"og:image\" content=\"https:\/\/saluton.no\/wp-content\/uploads\/2013\/07\/eo-125-logo.png\" \/>\n<meta name=\"twitter:card\" content=\"summary_large_image\" \/>\n<meta name=\"twitter:site\" content=\"@saluton_no\" \/>\n<meta name=\"twitter:label1\" content=\"Ansl. lesetid\" \/>\n\t<meta name=\"twitter:data1\" content=\"1 minutt\" \/>\n<script type=\"application\/ld+json\" class=\"yoast-schema-graph\">{\"@context\":\"https:\/\/schema.org\",\"@graph\":[{\"@type\":\"WebPage\",\"@id\":\"https:\/\/saluton.no\/index.php\/nb\/esperanto\/\",\"url\":\"https:\/\/saluton.no\/index.php\/nb\/esperanto\/\",\"name\":\"Om Esperanto - Saluton.no\",\"isPartOf\":{\"@id\":\"https:\/\/saluton.no\/#website\"},\"primaryImageOfPage\":{\"@id\":\"https:\/\/saluton.no\/index.php\/nb\/esperanto\/#primaryimage\"},\"image\":{\"@id\":\"https:\/\/saluton.no\/index.php\/nb\/esperanto\/#primaryimage\"},\"thumbnailUrl\":\"https:\/\/saluton.no\/wp-content\/uploads\/2013\/07\/eo-125-logo.png\",\"datePublished\":\"2013-07-05T21:16:42+00:00\",\"dateModified\":\"2023-03-14T08:24:13+00:00\",\"breadcrumb\":{\"@id\":\"https:\/\/saluton.no\/index.php\/nb\/esperanto\/#breadcrumb\"},\"inLanguage\":\"nb-NO\",\"potentialAction\":[{\"@type\":\"ReadAction\",\"target\":[\"https:\/\/saluton.no\/index.php\/nb\/esperanto\/\"]}]},{\"@type\":\"ImageObject\",\"inLanguage\":\"nb-NO\",\"@id\":\"https:\/\/saluton.no\/index.php\/nb\/esperanto\/#primaryimage\",\"url\":\"https:\/\/saluton.no\/wp-content\/uploads\/2013\/07\/eo-125-logo.png\",\"contentUrl\":\"https:\/\/saluton.no\/wp-content\/uploads\/2013\/07\/eo-125-logo.png\"},{\"@type\":\"BreadcrumbList\",\"@id\":\"https:\/\/saluton.no\/index.php\/nb\/esperanto\/#breadcrumb\",\"itemListElement\":[{\"@type\":\"ListItem\",\"position\":1,\"name\":\"Hjem\",\"item\":\"https:\/\/saluton.no\/index.php\/nb\/\"},{\"@type\":\"ListItem\",\"position\":2,\"name\":\"Om Esperanto\"}]},{\"@type\":\"WebSite\",\"@id\":\"https:\/\/saluton.no\/#website\",\"url\":\"https:\/\/saluton.no\/\",\"name\":\"Saluton.no\",\"description\":\"\",\"publisher\":{\"@id\":\"https:\/\/saluton.no\/#organization\"},\"potentialAction\":[{\"@type\":\"SearchAction\",\"target\":{\"@type\":\"EntryPoint\",\"urlTemplate\":\"https:\/\/saluton.no\/?s={search_term_string}\"},\"query-input\":{\"@type\":\"PropertyValueSpecification\",\"valueRequired\":true,\"valueName\":\"search_term_string\"}}],\"inLanguage\":\"nb-NO\"},{\"@type\":\"Organization\",\"@id\":\"https:\/\/saluton.no\/#organization\",\"name\":\"Saluton.no\",\"url\":\"https:\/\/saluton.no\/\",\"logo\":{\"@type\":\"ImageObject\",\"inLanguage\":\"nb-NO\",\"@id\":\"https:\/\/saluton.no\/#\/schema\/logo\/image\/\",\"url\":\"https:\/\/saluton.no\/wp-content\/uploads\/2013\/09\/saluton-500.png\",\"contentUrl\":\"https:\/\/saluton.no\/wp-content\/uploads\/2013\/09\/saluton-500.png\",\"width\":389,\"height\":179,\"caption\":\"Saluton.no\"},\"image\":{\"@id\":\"https:\/\/saluton.no\/#\/schema\/logo\/image\/\"},\"sameAs\":[\"https:\/\/www.facebook.com\/Saluton.no\/\",\"https:\/\/x.com\/saluton_no\",\"https:\/\/esperanto.masto.host\/@saluton\"]}]}<\/script>\n<!-- \/ Yoast SEO plugin. -->","yoast_head_json":{"title":"Om Esperanto - Saluton.no","robots":{"index":"index","follow":"follow","max-snippet":"max-snippet:-1","max-image-preview":"max-image-preview:large","max-video-preview":"max-video-preview:-1"},"canonical":"https:\/\/saluton.no\/index.php\/nb\/esperanto\/","og_locale":"nb_NO","og_type":"article","og_title":"Om Esperanto - Saluton.no","og_description":"Esperanto er et planspr\u00e5k som f\u00f8rste gang s\u00e5 dagens lys i 1887. Spr\u00e5kets far var Ludwik Lejzer Zamenhof som brukte psevdonymet \u00abdr. Esperanto\u00bb (esperanto betyr&hellip;","og_url":"https:\/\/saluton.no\/index.php\/nb\/esperanto\/","og_site_name":"Saluton.no","article_publisher":"https:\/\/www.facebook.com\/Saluton.no\/","article_modified_time":"2023-03-14T08:24:13+00:00","og_image":[{"url":"https:\/\/saluton.no\/wp-content\/uploads\/2013\/07\/eo-125-logo.png","type":"","width":"","height":""}],"twitter_card":"summary_large_image","twitter_site":"@saluton_no","twitter_misc":{"Ansl. lesetid":"1 minutt"},"schema":{"@context":"https:\/\/schema.org","@graph":[{"@type":"WebPage","@id":"https:\/\/saluton.no\/index.php\/nb\/esperanto\/","url":"https:\/\/saluton.no\/index.php\/nb\/esperanto\/","name":"Om Esperanto - Saluton.no","isPartOf":{"@id":"https:\/\/saluton.no\/#website"},"primaryImageOfPage":{"@id":"https:\/\/saluton.no\/index.php\/nb\/esperanto\/#primaryimage"},"image":{"@id":"https:\/\/saluton.no\/index.php\/nb\/esperanto\/#primaryimage"},"thumbnailUrl":"https:\/\/saluton.no\/wp-content\/uploads\/2013\/07\/eo-125-logo.png","datePublished":"2013-07-05T21:16:42+00:00","dateModified":"2023-03-14T08:24:13+00:00","breadcrumb":{"@id":"https:\/\/saluton.no\/index.php\/nb\/esperanto\/#breadcrumb"},"inLanguage":"nb-NO","potentialAction":[{"@type":"ReadAction","target":["https:\/\/saluton.no\/index.php\/nb\/esperanto\/"]}]},{"@type":"ImageObject","inLanguage":"nb-NO","@id":"https:\/\/saluton.no\/index.php\/nb\/esperanto\/#primaryimage","url":"https:\/\/saluton.no\/wp-content\/uploads\/2013\/07\/eo-125-logo.png","contentUrl":"https:\/\/saluton.no\/wp-content\/uploads\/2013\/07\/eo-125-logo.png"},{"@type":"BreadcrumbList","@id":"https:\/\/saluton.no\/index.php\/nb\/esperanto\/#breadcrumb","itemListElement":[{"@type":"ListItem","position":1,"name":"Hjem","item":"https:\/\/saluton.no\/index.php\/nb\/"},{"@type":"ListItem","position":2,"name":"Om Esperanto"}]},{"@type":"WebSite","@id":"https:\/\/saluton.no\/#website","url":"https:\/\/saluton.no\/","name":"Saluton.no","description":"","publisher":{"@id":"https:\/\/saluton.no\/#organization"},"potentialAction":[{"@type":"SearchAction","target":{"@type":"EntryPoint","urlTemplate":"https:\/\/saluton.no\/?s={search_term_string}"},"query-input":{"@type":"PropertyValueSpecification","valueRequired":true,"valueName":"search_term_string"}}],"inLanguage":"nb-NO"},{"@type":"Organization","@id":"https:\/\/saluton.no\/#organization","name":"Saluton.no","url":"https:\/\/saluton.no\/","logo":{"@type":"ImageObject","inLanguage":"nb-NO","@id":"https:\/\/saluton.no\/#\/schema\/logo\/image\/","url":"https:\/\/saluton.no\/wp-content\/uploads\/2013\/09\/saluton-500.png","contentUrl":"https:\/\/saluton.no\/wp-content\/uploads\/2013\/09\/saluton-500.png","width":389,"height":179,"caption":"Saluton.no"},"image":{"@id":"https:\/\/saluton.no\/#\/schema\/logo\/image\/"},"sameAs":["https:\/\/www.facebook.com\/Saluton.no\/","https:\/\/x.com\/saluton_no","https:\/\/esperanto.masto.host\/@saluton"]}]}},"lang":"nb","translations":{"nb":38,"eo":680,"en":683},"pll_sync_post":[],"_links":{"self":[{"href":"https:\/\/saluton.no\/index.php\/wp-json\/wp\/v2\/pages\/38","targetHints":{"allow":["GET"]}}],"collection":[{"href":"https:\/\/saluton.no\/index.php\/wp-json\/wp\/v2\/pages"}],"about":[{"href":"https:\/\/saluton.no\/index.php\/wp-json\/wp\/v2\/types\/page"}],"author":[{"embeddable":true,"href":"https:\/\/saluton.no\/index.php\/wp-json\/wp\/v2\/users\/1"}],"replies":[{"embeddable":true,"href":"https:\/\/saluton.no\/index.php\/wp-json\/wp\/v2\/comments?post=38"}],"version-history":[{"count":6,"href":"https:\/\/saluton.no\/index.php\/wp-json\/wp\/v2\/pages\/38\/revisions"}],"predecessor-version":[{"id":1055,"href":"https:\/\/saluton.no\/index.php\/wp-json\/wp\/v2\/pages\/38\/revisions\/1055"}],"wp:attachment":[{"href":"https:\/\/saluton.no\/index.php\/wp-json\/wp\/v2\/media?parent=38"}],"curies":[{"name":"wp","href":"https:\/\/api.w.org\/{rel}","templated":true}]}}