{"id":37,"date":"2013-07-05T21:15:26","date_gmt":"2013-07-05T21:15:26","guid":{"rendered":"http:\/\/saluton.no\/?page_id=37"},"modified":"2023-03-14T10:26:14","modified_gmt":"2023-03-14T08:26:14","slug":"pondus","status":"publish","type":"page","link":"https:\/\/saluton.no\/index.php\/nb\/pondus\/","title":{"rendered":"Om Pondus"},"content":{"rendered":"<p><!--:no-->Pondus er en norsk tegneserie som tegnes og skrives av Frode \u00d8verli. Serien tegnes vanligvis som som stripeformat og utigs i mer en 130 aviser og tidsskrifter, men har ogs\u00e5 eget blad og utgis som hefter og album hvor det kan finnes lengre historier.<\/p>\n<figure id=\"attachment_132\" aria-describedby=\"caption-attachment-132\" style=\"width: 230px\" class=\"wp-caption alignright\"><a href=\"https:\/\/saluton.no\/wp-content\/uploads\/2013\/07\/pondusstripe2.png\"><img fetchpriority=\"high\" decoding=\"async\" class=\"size-full wp-image-132  \" style=\"margin-left: 5px;\" src=\"https:\/\/saluton.no\/wp-content\/uploads\/2013\/07\/pondusstripe2.jpg\" alt=\"Pondus\" width=\"230\" height=\"305\"><\/a><figcaption id=\"caption-attachment-132\" class=\"wp-caption-text\">\u2013 Du har alts\u00e5 stappet maskinen p\u00e5 m\u00e5f\u00e5 og kokt alle kl\u00e6rne? \u2013 Jepp! Renere blir det ikke!<\/figcaption><\/figure>\n<p>Karakteren Pondus s\u00e5 f\u00f8rst dagens lys i 1995, da i serien <em>A-laget<\/em>, som handlet om tre forbattsupportere. Men siden oktober 1995 har serien hett Pondus, og hovedkarakteren Pondus, samen med kompisen Jokke, har f\u00e5tt utvidet horisonten med b\u00e5de jobb, familie, venner, naboer, \u00f8l og damer. Men fotballinteressen spiller fortsatt en vesentlig rolle i serien.<\/p>\n<p>Pondus er oversatt til flere spr\u00e5k, bl.a. svensk, dansk, samiske spr\u00e5k, fransk, engelsk, latin og esperanto.<\/p>\n<p>Ungdomsseksjonen <a href=\"http:\/\/nje.esperanto.no\" target=\"_blank\" rel=\"noopener noreferrer\">Inter ni dirite<\/a> i medlemsbladet til Norsk Esperanto-Forbund har publisert striper p\u00e5 esperanto siden 2007. N\u00e5 kommer endelig albumet.<\/p>\n<p>Det nye albumet inneholder striper som er plukket fra stripemalteriale opprinnelig utgitt mellom 1998 og 2005.<\/p>\n<p>Kort presentasjon av hovedpersonene i serien (med utgangspunkt i tidsperioden som albumet omfavner):<\/p>\n<h4>Pondus (eg. Patrick)<\/h4>\n<p>Pondus har n\u00e6rmest autistiske fotballkunnskaper. Favorittklubben er Liverpool. Han spiller ogs\u00e5 oldboys-fotball p\u00e5 samme lag som kompisen Jokke. Pondus er bussj\u00e5f\u00f8r og gift med Beate. Sammen har de to barn, P\u00e5san (Kevin) og Sneipen (Frida).<\/p>\n<h4>Beate<\/h4>\n<p>Kona til Pondus. Er sykepleier, og utsettes hver dag for de pr\u00f8velser det er \u00e5 leve sammen med en fotballidiot, en ten\u00e5ringss\u00f8nn og en baby p\u00e5 ett \u00e5r.<\/p>\n<h4>P\u00e5san (eg. Kevin)<\/h4>\n<p>S\u00f8nnen i huset. Har kommet i den alderen da jenter i korte glimt kan v\u00e6re mer fasinerende enn fotball.<\/p>\n<h4>Sneipen (Frida)<\/h4>\n<p>Ser verden fra sitt st\u00e5sted, skr\u00e5tt nedenfra.<\/p>\n<h4>Jokke (Joacim)<\/h4>\n<p>Bestekompis med Pondus. Leeds-supporter og keeper p\u00e5 oldboyslaget som ogs\u00e5 Pondus spiller p\u00e5. Kanskje en av verdenshistoriens usleste kvinnebed\u00e5rere. Han dr\u00f8mmer om yppige Turid-Laila fra puben, men ender som regel opp med noe helt annet\u2026<\/p>\n<h4>Else<\/h4>\n<p>Mamma\u2019n til Jokke. En jernkvinne med tvilsom garderobe. Badek\u00e5pe og t\u00f8fler brukes overalt.<\/p>\n<h4>G\u00fcnther<\/h4>\n<p>Mannen til Else, Jokkes stefar. En stuttvokst tysker med sans for h\u00f8ye h\u00e6ler og babydoll. Gjerne p\u00e5 seg selv.<\/p>\n<h4>Kjakan (Kjell-Kristian)<\/h4>\n<p>P\u00e5sans bestevenn. Han er en h\u00e5pl\u00f8s romantiker og sliter med store kviseplager og ekstrem n\u00e6rsynthet.<\/p>\n<p>Du kan lese mer om Pondus p\u00e5 <a href=\"http:\/\/no.wikipedia.org\/wiki\/Pondus\" target=\"_blank\" rel=\"noopener noreferrer\">Wikipedia<\/a>.<!--:--><!--:eo--><!--:--><\/p>\n","protected":false},"excerpt":{"rendered":"<p>Pondus er en norsk tegneserie som tegnes og skrives av Frode \u00d8verli. Serien tegnes vanligvis som som stripeformat og utigs i mer en 130 aviser&hellip;<\/p>\n","protected":false},"author":1,"featured_media":51,"parent":0,"menu_order":3,"comment_status":"open","ping_status":"open","template":"","meta":{"footnotes":""},"class_list":["post-37","page","type-page","status-publish","has-post-thumbnail","hentry"],"yoast_head":"<!-- This site is optimized with the Yoast SEO plugin v27.1.1 - https:\/\/yoast.com\/product\/yoast-seo-wordpress\/ -->\n<title>Om Pondus - Saluton.no<\/title>\n<meta name=\"robots\" content=\"index, follow, max-snippet:-1, max-image-preview:large, max-video-preview:-1\" \/>\n<link rel=\"canonical\" href=\"https:\/\/saluton.no\/index.php\/nb\/pondus\/\" \/>\n<meta property=\"og:locale\" content=\"nb_NO\" \/>\n<meta property=\"og:type\" content=\"article\" \/>\n<meta property=\"og:title\" content=\"Om Pondus - Saluton.no\" \/>\n<meta property=\"og:description\" content=\"Pondus er en norsk tegneserie som tegnes og skrives av Frode \u00d8verli. Serien tegnes vanligvis som som stripeformat og utigs i mer en 130 aviser&hellip;\" \/>\n<meta property=\"og:url\" content=\"https:\/\/saluton.no\/index.php\/nb\/pondus\/\" \/>\n<meta property=\"og:site_name\" content=\"Saluton.no\" \/>\n<meta property=\"article:publisher\" content=\"https:\/\/www.facebook.com\/Saluton.no\/\" \/>\n<meta property=\"article:modified_time\" content=\"2023-03-14T08:26:14+00:00\" \/>\n<meta property=\"og:image\" content=\"https:\/\/saluton.no\/wp-content\/uploads\/2013\/07\/pondus.png\" \/>\n\t<meta property=\"og:image:width\" content=\"370\" \/>\n\t<meta property=\"og:image:height\" content=\"191\" \/>\n\t<meta property=\"og:image:type\" content=\"image\/png\" \/>\n<meta name=\"twitter:card\" content=\"summary_large_image\" \/>\n<meta name=\"twitter:site\" content=\"@saluton_no\" \/>\n<meta name=\"twitter:label1\" content=\"Ansl. lesetid\" \/>\n\t<meta name=\"twitter:data1\" content=\"2 minutter\" \/>\n<script type=\"application\/ld+json\" class=\"yoast-schema-graph\">{\"@context\":\"https:\/\/schema.org\",\"@graph\":[{\"@type\":\"WebPage\",\"@id\":\"https:\/\/saluton.no\/index.php\/nb\/pondus\/\",\"url\":\"https:\/\/saluton.no\/index.php\/nb\/pondus\/\",\"name\":\"Om Pondus - Saluton.no\",\"isPartOf\":{\"@id\":\"https:\/\/saluton.no\/#website\"},\"primaryImageOfPage\":{\"@id\":\"https:\/\/saluton.no\/index.php\/nb\/pondus\/#primaryimage\"},\"image\":{\"@id\":\"https:\/\/saluton.no\/index.php\/nb\/pondus\/#primaryimage\"},\"thumbnailUrl\":\"https:\/\/saluton.no\/wp-content\/uploads\/2013\/07\/pondus.png\",\"datePublished\":\"2013-07-05T21:15:26+00:00\",\"dateModified\":\"2023-03-14T08:26:14+00:00\",\"breadcrumb\":{\"@id\":\"https:\/\/saluton.no\/index.php\/nb\/pondus\/#breadcrumb\"},\"inLanguage\":\"nb-NO\",\"potentialAction\":[{\"@type\":\"ReadAction\",\"target\":[\"https:\/\/saluton.no\/index.php\/nb\/pondus\/\"]}]},{\"@type\":\"ImageObject\",\"inLanguage\":\"nb-NO\",\"@id\":\"https:\/\/saluton.no\/index.php\/nb\/pondus\/#primaryimage\",\"url\":\"https:\/\/saluton.no\/wp-content\/uploads\/2013\/07\/pondus.png\",\"contentUrl\":\"https:\/\/saluton.no\/wp-content\/uploads\/2013\/07\/pondus.png\",\"width\":370,\"height\":191,\"caption\":\"\"},{\"@type\":\"BreadcrumbList\",\"@id\":\"https:\/\/saluton.no\/index.php\/nb\/pondus\/#breadcrumb\",\"itemListElement\":[{\"@type\":\"ListItem\",\"position\":1,\"name\":\"Hjem\",\"item\":\"https:\/\/saluton.no\/index.php\/nb\/\"},{\"@type\":\"ListItem\",\"position\":2,\"name\":\"Om Pondus\"}]},{\"@type\":\"WebSite\",\"@id\":\"https:\/\/saluton.no\/#website\",\"url\":\"https:\/\/saluton.no\/\",\"name\":\"Saluton.no\",\"description\":\"\",\"publisher\":{\"@id\":\"https:\/\/saluton.no\/#organization\"},\"potentialAction\":[{\"@type\":\"SearchAction\",\"target\":{\"@type\":\"EntryPoint\",\"urlTemplate\":\"https:\/\/saluton.no\/?s={search_term_string}\"},\"query-input\":{\"@type\":\"PropertyValueSpecification\",\"valueRequired\":true,\"valueName\":\"search_term_string\"}}],\"inLanguage\":\"nb-NO\"},{\"@type\":\"Organization\",\"@id\":\"https:\/\/saluton.no\/#organization\",\"name\":\"Saluton.no\",\"url\":\"https:\/\/saluton.no\/\",\"logo\":{\"@type\":\"ImageObject\",\"inLanguage\":\"nb-NO\",\"@id\":\"https:\/\/saluton.no\/#\/schema\/logo\/image\/\",\"url\":\"https:\/\/saluton.no\/wp-content\/uploads\/2013\/09\/saluton-500.png\",\"contentUrl\":\"https:\/\/saluton.no\/wp-content\/uploads\/2013\/09\/saluton-500.png\",\"width\":389,\"height\":179,\"caption\":\"Saluton.no\"},\"image\":{\"@id\":\"https:\/\/saluton.no\/#\/schema\/logo\/image\/\"},\"sameAs\":[\"https:\/\/www.facebook.com\/Saluton.no\/\",\"https:\/\/x.com\/saluton_no\",\"https:\/\/esperanto.masto.host\/@saluton\"]}]}<\/script>\n<!-- \/ Yoast SEO plugin. -->","yoast_head_json":{"title":"Om Pondus - Saluton.no","robots":{"index":"index","follow":"follow","max-snippet":"max-snippet:-1","max-image-preview":"max-image-preview:large","max-video-preview":"max-video-preview:-1"},"canonical":"https:\/\/saluton.no\/index.php\/nb\/pondus\/","og_locale":"nb_NO","og_type":"article","og_title":"Om Pondus - Saluton.no","og_description":"Pondus er en norsk tegneserie som tegnes og skrives av Frode \u00d8verli. Serien tegnes vanligvis som som stripeformat og utigs i mer en 130 aviser&hellip;","og_url":"https:\/\/saluton.no\/index.php\/nb\/pondus\/","og_site_name":"Saluton.no","article_publisher":"https:\/\/www.facebook.com\/Saluton.no\/","article_modified_time":"2023-03-14T08:26:14+00:00","og_image":[{"width":370,"height":191,"url":"https:\/\/saluton.no\/wp-content\/uploads\/2013\/07\/pondus.png","type":"image\/png"}],"twitter_card":"summary_large_image","twitter_site":"@saluton_no","twitter_misc":{"Ansl. lesetid":"2 minutter"},"schema":{"@context":"https:\/\/schema.org","@graph":[{"@type":"WebPage","@id":"https:\/\/saluton.no\/index.php\/nb\/pondus\/","url":"https:\/\/saluton.no\/index.php\/nb\/pondus\/","name":"Om Pondus - Saluton.no","isPartOf":{"@id":"https:\/\/saluton.no\/#website"},"primaryImageOfPage":{"@id":"https:\/\/saluton.no\/index.php\/nb\/pondus\/#primaryimage"},"image":{"@id":"https:\/\/saluton.no\/index.php\/nb\/pondus\/#primaryimage"},"thumbnailUrl":"https:\/\/saluton.no\/wp-content\/uploads\/2013\/07\/pondus.png","datePublished":"2013-07-05T21:15:26+00:00","dateModified":"2023-03-14T08:26:14+00:00","breadcrumb":{"@id":"https:\/\/saluton.no\/index.php\/nb\/pondus\/#breadcrumb"},"inLanguage":"nb-NO","potentialAction":[{"@type":"ReadAction","target":["https:\/\/saluton.no\/index.php\/nb\/pondus\/"]}]},{"@type":"ImageObject","inLanguage":"nb-NO","@id":"https:\/\/saluton.no\/index.php\/nb\/pondus\/#primaryimage","url":"https:\/\/saluton.no\/wp-content\/uploads\/2013\/07\/pondus.png","contentUrl":"https:\/\/saluton.no\/wp-content\/uploads\/2013\/07\/pondus.png","width":370,"height":191,"caption":""},{"@type":"BreadcrumbList","@id":"https:\/\/saluton.no\/index.php\/nb\/pondus\/#breadcrumb","itemListElement":[{"@type":"ListItem","position":1,"name":"Hjem","item":"https:\/\/saluton.no\/index.php\/nb\/"},{"@type":"ListItem","position":2,"name":"Om Pondus"}]},{"@type":"WebSite","@id":"https:\/\/saluton.no\/#website","url":"https:\/\/saluton.no\/","name":"Saluton.no","description":"","publisher":{"@id":"https:\/\/saluton.no\/#organization"},"potentialAction":[{"@type":"SearchAction","target":{"@type":"EntryPoint","urlTemplate":"https:\/\/saluton.no\/?s={search_term_string}"},"query-input":{"@type":"PropertyValueSpecification","valueRequired":true,"valueName":"search_term_string"}}],"inLanguage":"nb-NO"},{"@type":"Organization","@id":"https:\/\/saluton.no\/#organization","name":"Saluton.no","url":"https:\/\/saluton.no\/","logo":{"@type":"ImageObject","inLanguage":"nb-NO","@id":"https:\/\/saluton.no\/#\/schema\/logo\/image\/","url":"https:\/\/saluton.no\/wp-content\/uploads\/2013\/09\/saluton-500.png","contentUrl":"https:\/\/saluton.no\/wp-content\/uploads\/2013\/09\/saluton-500.png","width":389,"height":179,"caption":"Saluton.no"},"image":{"@id":"https:\/\/saluton.no\/#\/schema\/logo\/image\/"},"sameAs":["https:\/\/www.facebook.com\/Saluton.no\/","https:\/\/x.com\/saluton_no","https:\/\/esperanto.masto.host\/@saluton"]}]}},"lang":"nb","translations":{"nb":37,"eo":698,"en":702},"pll_sync_post":[],"_links":{"self":[{"href":"https:\/\/saluton.no\/index.php\/wp-json\/wp\/v2\/pages\/37","targetHints":{"allow":["GET"]}}],"collection":[{"href":"https:\/\/saluton.no\/index.php\/wp-json\/wp\/v2\/pages"}],"about":[{"href":"https:\/\/saluton.no\/index.php\/wp-json\/wp\/v2\/types\/page"}],"author":[{"embeddable":true,"href":"https:\/\/saluton.no\/index.php\/wp-json\/wp\/v2\/users\/1"}],"replies":[{"embeddable":true,"href":"https:\/\/saluton.no\/index.php\/wp-json\/wp\/v2\/comments?post=37"}],"version-history":[{"count":3,"href":"https:\/\/saluton.no\/index.php\/wp-json\/wp\/v2\/pages\/37\/revisions"}],"predecessor-version":[{"id":1058,"href":"https:\/\/saluton.no\/index.php\/wp-json\/wp\/v2\/pages\/37\/revisions\/1058"}],"wp:featuredmedia":[{"embeddable":true,"href":"https:\/\/saluton.no\/index.php\/wp-json\/wp\/v2\/media\/51"}],"wp:attachment":[{"href":"https:\/\/saluton.no\/index.php\/wp-json\/wp\/v2\/media?parent=37"}],"curies":[{"name":"wp","href":"https:\/\/api.w.org\/{rel}","templated":true}]}}