{"id":218,"date":"2020-06-24T09:53:32","date_gmt":"2020-06-24T07:53:32","guid":{"rendered":"http:\/\/saluton.no\/?page_id=218"},"modified":"2020-07-29T12:09:46","modified_gmt":"2020-07-29T10:09:46","slug":"cookies","status":"publish","type":"page","link":"https:\/\/saluton.no\/index.php\/nb\/cookies\/","title":{"rendered":"Personvernerkl\u00e6ring"},"content":{"rendered":"<p><!--:no-->Saluton.no tar personvern p\u00e5 alvor, og tar kun vare p\u00e5 de opplysningene som er n\u00f8dvendig for \u00e5 kunne ta i mot bestilling og sende varen til rett adresse.<\/p>\n<p><strong>Cookies<\/strong><br \/>\nSaluton.no bruker cookies, eller informasjonskapsler. \u00abCookies\u00bb &#8211; eller \u00abinformasjonskapsler\u00bb &#8211; er en teknologi som er i bruk p\u00e5 de aller fleste nettsteder i dag. Cookies er sm\u00e5 tekstfiler som lagres p\u00e5 din datamaskin og benyttes av nettleseren din for \u00e5 huske p\u00e5 nettsteder du har bes\u00f8kt, innstillinger du har satt p\u00e5 disse, og for \u00e5 levere en tilpasset opplevelse til returnerende bes\u00f8kere.<\/p>\n<p>De fleste moderne nettlesere (Google Chrome, Firefox, Internet Explorer, Safari, Opera, etc.) aksepterer cookies som standard, men du kan endre innstillingene i nettleseren slik at den avviser cookies. Vi gj\u00f8r oppmerksom p\u00e5 at sv\u00e6rt mange nettsider ikke vil fungere optimalt uten cookies.<\/p>\n<p>Cookies som brukes p\u00e5 disse sidene er listet opp under, sammen med en kort beskrivelse av hva de brukes til.<\/p>\n<p><strong>woocommerce_<\/strong> \u2013 benyttes for \u00e5 behandle kj\u00f8p av produkter p\u00e5 saluton.no.<br \/>\n<strong>pll_language \u2013 <\/strong>For at flespr\u00e5kligheten p\u00e5 sidene skal fungere.<strong><br \/>\n<\/strong><strong>wp*\/wordpress*<\/strong> \u2013\u00a0Har oversikt over om du er logget inn p\u00e5 sidene.<\/p>\n<p><strong>Informasjon vi tar vare p\u00e5<\/strong><br \/>\nN\u00e5r du bes\u00f8ker saluton.no uten \u00e5 kj\u00f8pe noe, s\u00e5 tar vi ikke vare p\u00e5 noen opplysninger om deg eller din nettleser. N\u00e5r du velger \u00e5 bestille, trenger vi \u00e5 vite f\u00f8lgende:<\/p>\n<p><strong>Navn og leveringsadresse<\/strong> \u2013 for \u00e5 vite hvor vi skal sende varene.<br \/>\n<strong>E-postadresse<\/strong> \u2013 for \u00e5 sende automatisk kvittering og eventuell kommunikasjon relatert til bestillingen. Saluton.no vil ikke benytte din e-postadresse til markedsf\u00f8ring eller selge den til tredjepart.<br \/>\n<strong>Telefon<\/strong> \u2013 for \u00e5 kunne ta kontakt vedr. sp\u00f8rsm\u00e5l om din bestilling. Saluton.no vil ikke sende SMS eller benytte ditt nummer til markedsf\u00f8ring.<\/p>\n<p><strong>PayPal<\/strong><br \/>\nSaluton.no benytter Paypal som betalingsformidler. Informasjon om navn, e-postadresse, leveringsadresse, hva du har kj\u00f8pt og bel\u00f8p overf\u00f8res derfor til Paypal og informasjonen vil derfor ogs\u00e5 lagres hos Paypal i tillegg. N\u00e5r du betaler kan du velge \u00e5 benytte Paypal-konto eller betale med et betalingskort direkte. Vi viser ellers til <a href=\"https:\/\/www.paypal.com\/no\/webapps\/mpp\/ua\/privacy-full?locale.x=no_NO\" target=\"_blank\" rel=\"noopener noreferrer\">Paypals egne retningslnjer for personvern<\/a>.<\/p>\n<p><strong>Periode for oppbevaring<\/strong><br \/>\nPersonopplysninger og informasjon om kj\u00f8p oppbevares i det tidsrom som er n\u00f8dvendig i henhold til bokf\u00f8ringsloven, og vi sletter data n\u00e5r de ikke lenger er n\u00f8dvendige. Per i dag er dette tidsrommet to \u00e5r. Data vil slettes ved \u00e5rsskiftet etter at to \u00e5r har passert.<\/p>\n<p><strong>Brukerkonto<\/strong><br \/>\nN\u00e5r du bestiller hos saluton.no, kan du velge om du \u00f8nsker \u00e5 opprette en brukerkonto. Dette er ikke p\u00e5krevd for \u00e5 gjennomf\u00f8re en bestilling. En konto som ikke har hatt aktivitet p\u00e5 seks m\u00e5neder, vil slettes.<!--:--><!--:eo--><!--:--><\/p>\n","protected":false},"excerpt":{"rendered":"<p>Saluton.no tar personvern p\u00e5 alvor, og tar kun vare p\u00e5 de opplysningene som er n\u00f8dvendig for \u00e5 kunne ta i mot bestilling og sende varen&hellip;<\/p>\n","protected":false},"author":1,"featured_media":0,"parent":0,"menu_order":99,"comment_status":"closed","ping_status":"open","template":"","meta":{"footnotes":""},"class_list":["post-218","page","type-page","status-publish","hentry"],"yoast_head":"<!-- This site is optimized with the Yoast SEO plugin v27.1.1 - https:\/\/yoast.com\/product\/yoast-seo-wordpress\/ -->\n<title>Personvernerkl\u00e6ring - Saluton.no<\/title>\n<meta name=\"robots\" content=\"index, follow, max-snippet:-1, max-image-preview:large, max-video-preview:-1\" \/>\n<link rel=\"canonical\" href=\"https:\/\/saluton.no\/index.php\/nb\/cookies\/\" \/>\n<meta property=\"og:locale\" content=\"nb_NO\" \/>\n<meta property=\"og:type\" content=\"article\" \/>\n<meta property=\"og:title\" content=\"Personvernerkl\u00e6ring - Saluton.no\" \/>\n<meta property=\"og:description\" content=\"Saluton.no tar personvern p\u00e5 alvor, og tar kun vare p\u00e5 de opplysningene som er n\u00f8dvendig for \u00e5 kunne ta i mot bestilling og sende varen&hellip;\" \/>\n<meta property=\"og:url\" content=\"https:\/\/saluton.no\/index.php\/nb\/cookies\/\" \/>\n<meta property=\"og:site_name\" content=\"Saluton.no\" \/>\n<meta property=\"article:publisher\" content=\"https:\/\/www.facebook.com\/Saluton.no\/\" \/>\n<meta property=\"article:modified_time\" content=\"2020-07-29T10:09:46+00:00\" \/>\n<meta name=\"twitter:card\" content=\"summary_large_image\" \/>\n<meta name=\"twitter:site\" content=\"@saluton_no\" \/>\n<meta name=\"twitter:label1\" content=\"Ansl. lesetid\" \/>\n\t<meta name=\"twitter:data1\" content=\"2 minutter\" \/>\n<script type=\"application\/ld+json\" class=\"yoast-schema-graph\">{\"@context\":\"https:\/\/schema.org\",\"@graph\":[{\"@type\":\"WebPage\",\"@id\":\"https:\/\/saluton.no\/index.php\/nb\/cookies\/\",\"url\":\"https:\/\/saluton.no\/index.php\/nb\/cookies\/\",\"name\":\"Personvernerkl\u00e6ring - Saluton.no\",\"isPartOf\":{\"@id\":\"https:\/\/saluton.no\/#website\"},\"datePublished\":\"2020-06-24T07:53:32+00:00\",\"dateModified\":\"2020-07-29T10:09:46+00:00\",\"breadcrumb\":{\"@id\":\"https:\/\/saluton.no\/index.php\/nb\/cookies\/#breadcrumb\"},\"inLanguage\":\"nb-NO\",\"potentialAction\":[{\"@type\":\"ReadAction\",\"target\":[\"https:\/\/saluton.no\/index.php\/nb\/cookies\/\"]}]},{\"@type\":\"BreadcrumbList\",\"@id\":\"https:\/\/saluton.no\/index.php\/nb\/cookies\/#breadcrumb\",\"itemListElement\":[{\"@type\":\"ListItem\",\"position\":1,\"name\":\"Hjem\",\"item\":\"https:\/\/saluton.no\/index.php\/nb\/\"},{\"@type\":\"ListItem\",\"position\":2,\"name\":\"Personvernerkl\u00e6ring\"}]},{\"@type\":\"WebSite\",\"@id\":\"https:\/\/saluton.no\/#website\",\"url\":\"https:\/\/saluton.no\/\",\"name\":\"Saluton.no\",\"description\":\"\",\"publisher\":{\"@id\":\"https:\/\/saluton.no\/#organization\"},\"potentialAction\":[{\"@type\":\"SearchAction\",\"target\":{\"@type\":\"EntryPoint\",\"urlTemplate\":\"https:\/\/saluton.no\/?s={search_term_string}\"},\"query-input\":{\"@type\":\"PropertyValueSpecification\",\"valueRequired\":true,\"valueName\":\"search_term_string\"}}],\"inLanguage\":\"nb-NO\"},{\"@type\":\"Organization\",\"@id\":\"https:\/\/saluton.no\/#organization\",\"name\":\"Saluton.no\",\"url\":\"https:\/\/saluton.no\/\",\"logo\":{\"@type\":\"ImageObject\",\"inLanguage\":\"nb-NO\",\"@id\":\"https:\/\/saluton.no\/#\/schema\/logo\/image\/\",\"url\":\"https:\/\/saluton.no\/wp-content\/uploads\/2013\/09\/saluton-500.png\",\"contentUrl\":\"https:\/\/saluton.no\/wp-content\/uploads\/2013\/09\/saluton-500.png\",\"width\":389,\"height\":179,\"caption\":\"Saluton.no\"},\"image\":{\"@id\":\"https:\/\/saluton.no\/#\/schema\/logo\/image\/\"},\"sameAs\":[\"https:\/\/www.facebook.com\/Saluton.no\/\",\"https:\/\/x.com\/saluton_no\",\"https:\/\/esperanto.masto.host\/@saluton\"]}]}<\/script>\n<!-- \/ Yoast SEO plugin. -->","yoast_head_json":{"title":"Personvernerkl\u00e6ring - Saluton.no","robots":{"index":"index","follow":"follow","max-snippet":"max-snippet:-1","max-image-preview":"max-image-preview:large","max-video-preview":"max-video-preview:-1"},"canonical":"https:\/\/saluton.no\/index.php\/nb\/cookies\/","og_locale":"nb_NO","og_type":"article","og_title":"Personvernerkl\u00e6ring - Saluton.no","og_description":"Saluton.no tar personvern p\u00e5 alvor, og tar kun vare p\u00e5 de opplysningene som er n\u00f8dvendig for \u00e5 kunne ta i mot bestilling og sende varen&hellip;","og_url":"https:\/\/saluton.no\/index.php\/nb\/cookies\/","og_site_name":"Saluton.no","article_publisher":"https:\/\/www.facebook.com\/Saluton.no\/","article_modified_time":"2020-07-29T10:09:46+00:00","twitter_card":"summary_large_image","twitter_site":"@saluton_no","twitter_misc":{"Ansl. lesetid":"2 minutter"},"schema":{"@context":"https:\/\/schema.org","@graph":[{"@type":"WebPage","@id":"https:\/\/saluton.no\/index.php\/nb\/cookies\/","url":"https:\/\/saluton.no\/index.php\/nb\/cookies\/","name":"Personvernerkl\u00e6ring - Saluton.no","isPartOf":{"@id":"https:\/\/saluton.no\/#website"},"datePublished":"2020-06-24T07:53:32+00:00","dateModified":"2020-07-29T10:09:46+00:00","breadcrumb":{"@id":"https:\/\/saluton.no\/index.php\/nb\/cookies\/#breadcrumb"},"inLanguage":"nb-NO","potentialAction":[{"@type":"ReadAction","target":["https:\/\/saluton.no\/index.php\/nb\/cookies\/"]}]},{"@type":"BreadcrumbList","@id":"https:\/\/saluton.no\/index.php\/nb\/cookies\/#breadcrumb","itemListElement":[{"@type":"ListItem","position":1,"name":"Hjem","item":"https:\/\/saluton.no\/index.php\/nb\/"},{"@type":"ListItem","position":2,"name":"Personvernerkl\u00e6ring"}]},{"@type":"WebSite","@id":"https:\/\/saluton.no\/#website","url":"https:\/\/saluton.no\/","name":"Saluton.no","description":"","publisher":{"@id":"https:\/\/saluton.no\/#organization"},"potentialAction":[{"@type":"SearchAction","target":{"@type":"EntryPoint","urlTemplate":"https:\/\/saluton.no\/?s={search_term_string}"},"query-input":{"@type":"PropertyValueSpecification","valueRequired":true,"valueName":"search_term_string"}}],"inLanguage":"nb-NO"},{"@type":"Organization","@id":"https:\/\/saluton.no\/#organization","name":"Saluton.no","url":"https:\/\/saluton.no\/","logo":{"@type":"ImageObject","inLanguage":"nb-NO","@id":"https:\/\/saluton.no\/#\/schema\/logo\/image\/","url":"https:\/\/saluton.no\/wp-content\/uploads\/2013\/09\/saluton-500.png","contentUrl":"https:\/\/saluton.no\/wp-content\/uploads\/2013\/09\/saluton-500.png","width":389,"height":179,"caption":"Saluton.no"},"image":{"@id":"https:\/\/saluton.no\/#\/schema\/logo\/image\/"},"sameAs":["https:\/\/www.facebook.com\/Saluton.no\/","https:\/\/x.com\/saluton_no","https:\/\/esperanto.masto.host\/@saluton"]}]}},"lang":"nb","translations":{"nb":218,"en":570,"eo":661},"pll_sync_post":[],"_links":{"self":[{"href":"https:\/\/saluton.no\/index.php\/wp-json\/wp\/v2\/pages\/218","targetHints":{"allow":["GET"]}}],"collection":[{"href":"https:\/\/saluton.no\/index.php\/wp-json\/wp\/v2\/pages"}],"about":[{"href":"https:\/\/saluton.no\/index.php\/wp-json\/wp\/v2\/types\/page"}],"author":[{"embeddable":true,"href":"https:\/\/saluton.no\/index.php\/wp-json\/wp\/v2\/users\/1"}],"replies":[{"embeddable":true,"href":"https:\/\/saluton.no\/index.php\/wp-json\/wp\/v2\/comments?post=218"}],"version-history":[{"count":4,"href":"https:\/\/saluton.no\/index.php\/wp-json\/wp\/v2\/pages\/218\/revisions"}],"predecessor-version":[{"id":934,"href":"https:\/\/saluton.no\/index.php\/wp-json\/wp\/v2\/pages\/218\/revisions\/934"}],"wp:attachment":[{"href":"https:\/\/saluton.no\/index.php\/wp-json\/wp\/v2\/media?parent=218"}],"curies":[{"name":"wp","href":"https:\/\/api.w.org\/{rel}","templated":true}]}}